{"id":3269,"date":"2024-10-17T08:29:25","date_gmt":"2024-10-17T06:29:25","guid":{"rendered":"https:\/\/fortbarycz.pl\/?page_id=3269"},"modified":"2025-11-03T13:02:56","modified_gmt":"2025-11-03T12:02:56","slug":"stowarzyszenie","status":"publish","type":"page","link":"https:\/\/stowarzyszenieadventure.pl\/fortbarycz\/stowarzyszenie\/","title":{"rendered":"Stowarzyszenie"},"content":{"rendered":"\n\t<section class=\"section\" id=\"section_180566059\">\n\t\t<div class=\"section-bg fill\" >\n\t\t\t<img loading=\"lazy\" decoding=\"async\" width=\"1145\" height=\"488\" src=\"https:\/\/stowarzyszenieadventure.pl\/fortbarycz\/wp-content\/uploads\/2024\/09\/olszanica.jpg\" class=\"bg attachment- size-\" alt=\"Fort olszanica\" \/>\t\t\t\t\t\t<div class=\"section-bg-overlay absolute fill\"><\/div>\n\t\t\t\n\n\t\t<\/div>\n\n\t\t\n\n\t\t<div class=\"section-content relative\">\n\t\t\t\n<div class=\"row row-small\"  id=\"row-1788319940\">\n\n\t<div id=\"col-1888114362\" class=\"col small-12 large-12\"  >\n\t\t\t\t<div class=\"col-inner text-shadow-5\"  data-parallax-fade=\"true\" data-parallax=\"2\">\n\t\t\t\n\t\t\t\n\t<div id=\"text-4294273543\" class=\"text\">\n\t\t\n<h1><span style=\"color: #fff;\">Stowarzyszenie Adventure<\/span><\/h1>\n\t\t\n<style>\n#text-4294273543 {\n  font-size: 2.02rem;\n  line-height: 1.8;\n  text-align: center;\n  color: rgb(255,255,255);\n}\n#text-4294273543 > * {\n  color: rgb(255,255,255);\n}\n<\/style>\n\t<\/div>\n\t\n\t\t<\/div>\n\t\t\t\t\n<style>\n#col-1888114362 > .col-inner {\n  padding: 0px 0px 0px 0px;\n  margin: 40px 0px 40px 0px;\n}\n<\/style>\n\t<\/div>\n\n\t\n\n<style>\n#row-1788319940 > .col > .col-inner {\n  padding: 100px 0px 0px 0px;\n}\n<\/style>\n<\/div>\n\t\t<\/div>\n\n\t\t\n<style>\n#section_180566059 {\n  padding-top: 0px;\n  padding-bottom: 0px;\n  background-color: rgb(0,0,0);\n}\n#section_180566059 .section-bg-overlay {\n  background-color: rgba(0, 0, 0, 0.715);\n}\n#section_180566059 .section-bg img {\n  object-position: 45% 52%;\n}\n<\/style>\n\t<\/section>\n\t\n\n\t<section class=\"section\" id=\"section_290475557\">\n\t\t<div class=\"section-bg fill\" >\n\t\t\t\t\t\t\t\t\t\n\t\t\t\n\n\t\t<\/div>\n\n\t\t\n\n\t\t<div class=\"section-content relative\">\n\t\t\t\n<div class=\"row\"  id=\"row-573353200\">\n\n\t<div id=\"col-314642978\" class=\"col small-12 large-12\"  >\n\t\t\t\t<div class=\"col-inner\"  >\n\t\t\t\n\t\t\t\n<p>Stowarzysznie powsta\u0142o w 2017 roku gdy zdecydowali\u015bmy si\u0119 reaktywowa\u0107 najwi\u0119kszy i najstarszy w Polsce rajd przygodowy Adventure Trophy. W 2018 roku zawody zosta\u0142y zaliczone do Pucharu Europy, a w roku 2019 nasza impreza z baz\u0105 w Krakowie uzyska\u0142a rang\u0119 Mistrzostw Europy w Rajdach Przygodowych.<\/p>\n<p>Cz\u0142onkowie Stowarzyszenie od 20 lat bior\u0105 czynny udzia\u0142 w rajdach przygodowych w Polsce i na \u015bwiecie rywalizuj\u0105c w Pucharze \u015awiata i Mistrzostwach \u015awiata. Zdobyte do\u015bwiadczenie i wiedz\u0119 staramy si\u0119<br \/>\nprzekazywa\u0107 poprzez organizacj\u0119 zawod\u00f3w sportowych.<\/p>\n<p>R\u00f3wnocze\u015bnie podczas realizacji Adventure Trophy 2017 powsta\u0142 pomys\u0142 organizacji bieg\u00f3w prze\u0142ajowych w Krakowie. Wymy\u015blili\u015bmy formu\u0142\u0119, kt\u00f3ra \u0142\u0105czy sport i kultur\u0119. Biegi organizujemy w pobli\u017cu obiekt\u00f3w, kt\u00f3re pozosta\u0142y po dawnej Twierdzy Krak\u00f3w. S\u0105 to jednocze\u015bnie tereny zielone (pozostawione wok\u00f3\u0142 obiekt\u00f3w wpisanych do rejestru zabytk\u00f3w), a z drugiej strony obiekty z bardzo ciekaw\u0105 histori\u0105.<\/p>\n<p>Ka\u017cdy bieg ma podobn\u0105 formu\u0142\u0119 \u2013 biegamy w terenie na trasach oko\u0142o 5 km i 10 km, a nast\u0119pnie zainteresowane osoby maj\u0105 mo\u017cliwo\u015b\u0107 pozna\u0107 histori\u0119 Twierdzy Krak\u00f3w poprzez spacer z profesjonalnym przewodnikiem. Dzi\u0119ki temu mamy mo\u017cliwo\u015b\u0107 pokaza\u0107 nowe tereny do uprawiania sportu, rekreacji, a przy okazji poszerzy\u0107 wiedz\u0119 uczestnik\u00f3w o obiektach Twierdzy Krak\u00f3w.<\/p>\n\t\t<\/div>\n\t\t\t\t\t<\/div>\n\n\t\n<\/div>\n<div class=\"row\"  id=\"row-1925077468\">\n\n\t<div id=\"col-631203843\" class=\"col small-12 large-12\"  >\n\t\t\t\t<div class=\"col-inner\"  >\n\t\t\t\n\t\t\t\n<div class=\"container section-title-container\" ><h3 class=\"section-title section-title-normal\"><b><\/b><span class=\"section-title-main\" style=\"color:rgb(121, 6, 4);\">Dzia\u0142ania Stowarzyszenia od za\u0142o\u017cenia w 2017 roku<\/span><b><\/b><\/h3><\/div>\n\t\t<\/div>\n\t\t\t\t\t<\/div>\n\n\t\n\n\t<div id=\"col-516157566\" class=\"col small-12 large-12\"  >\n\t\t\t\t<div class=\"col-inner\"  >\n\t\t\t\n\t\t\t\n<h3><strong><span style=\"color: #790604;\">2017<\/span><\/strong><\/h3>\n<ul>\n<li>Rajd Przygodowy Adventure Trophy \u2013 trasa 200 km<\/li>\n<li>Rajd Przygodowy Adventure Trophy \u2013 trasa 100 km<\/li>\n<li>Piesze zawody na orientacj\u0119 w Krakowie \u2013 trasa 30km<\/li>\n<li>Rowerowe zawody na orientacj\u0119 \u2013 trasa 150 km<\/li>\n<li>I edycja Biegu Twierdzy Krak\u00f3w<\/li>\n<li>I trasa biegowa BnO w Krakowie \u2013 Zielony Punkt Kontrolny<\/li>\n<\/ul>\n<h3><strong><span style=\"color: #790604;\">2018<\/span><\/strong><\/h3>\n<ul>\n<li>Rajd Przygodowy Adventure Trophy trasa \u2013 400 km Puchar EuropyRajd<\/li>\n<li>Przygodowy Adventure Trophy \u2013 trasa 220 km<\/li>\n<li>10 edycji Biegu Twierdzy Krak\u00f3w<\/li>\n<li>Udzia\u0142 w Mistrzostwach \u015awiata Adventure Racing \u2013 Reunion 18 miejsce<\/li>\n<\/ul>\n<h3><strong><span style=\"color: #790604;\">2019<\/span><\/strong><\/h3>\n<ul>\n<li>Rajd Przygodowy Adventure Trophy trasa \u2013 500 km Mistrzostwa Europy<\/li>\n<li>Rajd Przygodowy Adventure Trophy trasa \u2013 220 km<\/li>\n<li>6 edycji Biegu Twierdzy Krak\u00f3w<\/li>\n<li>Udzia\u0142 w Pucharze \u015awiata Adventure Racing Chorwacja \u2013 6 miejsce<\/li>\n<\/ul>\n<h3><strong><span style=\"color: #790604;\">2024<\/span><\/strong><\/h3>\n<ul>\n<li>5 edycji Biegu Twierdzy Krak\u00f3w<\/li>\n<li>Biegiem na Kopiec Ko\u015bciuszki \u2013 bieg nocny<\/li>\n<li>Organizacja pikniku rodzinnego z animacjami i rekonstruktorami na Forcie 2 Ko\u015bciuszko<\/li>\n<li>Dzier\u017cawa na okres 15 lat\u00a0 Fortu 50 1\/2 Kosocice OST \u2013 \u201eBarycz\u201d<\/li>\n<li>Piknik rodzinny podczas Malowania Fortu 48a Mistrzejowice<\/li>\n<li>Dni Twierdzy Krak\u00f3w 2025<\/li>\n<li>Organizacja pikniku rodzinnego ze zwiedzaniem i animacjami na Forcie Mistrzejowice<\/li>\n<li>Organizacja otwarcia Parku Kulturowego na Forcie 2 Ko\u015bciuszko<\/li>\n<li>Szkolenia z zakresu I Pomocy dla dzieci i m\u0142odzie\u017cy na terenie Fortu Barycz<\/li>\n<li>Organizacja ogniska dla lokalnej spo\u0142eczno\u015bci na Forcie 48a Mistrzejowice<\/li>\n<li>Ma\u0142opolska Pszczo\u0142a 2024 &#8211; realizacja nasadzenia drzew i warsztat\u00f3w edukacyjnych na terenie Fortu Barycz<\/li>\n<li>Projekt filmowy Odkrywaj Twierdz\u0119 Krak\u00f3w<\/li>\n<\/ul>\n<h3><strong><span style=\"color: #790604;\">2025<\/span><\/strong><\/h3>\n<ul>\n<li>3 edycje Biegu Twierdzy Krak\u00f3w<\/li>\n<li>Zimowe wydarzenia kulturalne organizowane w Krakowie 2025 &#8211; Fort Barycz: Zimowa Akademia Tradycji i Sztuki<\/li>\n<li>&#8222;\u015aladami historii \u2013 kulturowe atrakcje Powiatu Krakowskiego<\/li>\n<li>&#8222;\u015aladami historii &#8211; kulturowe obiekty turystyczne Gminy Krzeszowice&#8221;<\/li>\n<li>Mi\u0119dzynarodowy dzie\u0144 Firewalking &#8211; wydarzenie na Forcie Barycz<\/li>\n<li>Piknik Survivalowy na Forcie Batowice<\/li>\n<li>Organizacja dni otwartych Fortu \u015aw. Benedykt<\/li>\n<li>&#8222;Ma\u0142y ratownik&#8221;<\/li>\n<li>Dni Twierdzy Krak\u00f3w 2025<\/li>\n<li>Ma\u0142opolska Pszczo\u0142a 2025<\/li>\n<li>Wsp\u00f3lnie dla Dziedzictwa 2025 -Twierdza Krak\u00f3w &#8211; Porz\u0105dkowanie, Edukacja i Ochrona Dziedzictwa<\/li>\n<\/ul>\n\t\t<\/div>\n\t\t\t\t\t<\/div>\n\n\t\n<\/div>\n\t\t<\/div>\n\n\t\t\n<style>\n#section_290475557 {\n  padding-top: 72px;\n  padding-bottom: 72px;\n}\n<\/style>\n\t<\/section>\n\t\n","protected":false},"excerpt":{"rendered":"","protected":false},"author":1,"featured_media":0,"parent":0,"menu_order":0,"comment_status":"closed","ping_status":"closed","template":"page-transparent-header.php","meta":{"_price":"","_stock":"","_tribe_ticket_header":"","_tribe_default_ticket_provider":"TEC\\Tickets\\Commerce\\Module","_tribe_ticket_capacity":"0","_ticket_start_date":"","_ticket_end_date":"","_tribe_ticket_show_description":"","_tribe_ticket_show_not_going":false,"_tribe_ticket_use_global_stock":"","_tribe_ticket_global_stock_level":"","_global_stock_mode":"","_global_stock_cap":"","_tribe_rsvp_for_event":"","_tribe_ticket_going_count":"","_tribe_ticket_not_going_count":"","_tribe_tickets_list":"[]","_tribe_ticket_has_attendee_info_fields":false,"footnotes":"","_tec_slr_enabled":"","_tec_slr_layout":""},"class_list":["post-3269","page","type-page","status-publish","hentry"],"ticketed":false,"_links":{"self":[{"href":"https:\/\/stowarzyszenieadventure.pl\/fortbarycz\/wp-json\/wp\/v2\/pages\/3269","targetHints":{"allow":["GET"]}}],"collection":[{"href":"https:\/\/stowarzyszenieadventure.pl\/fortbarycz\/wp-json\/wp\/v2\/pages"}],"about":[{"href":"https:\/\/stowarzyszenieadventure.pl\/fortbarycz\/wp-json\/wp\/v2\/types\/page"}],"author":[{"embeddable":true,"href":"https:\/\/stowarzyszenieadventure.pl\/fortbarycz\/wp-json\/wp\/v2\/users\/1"}],"replies":[{"embeddable":true,"href":"https:\/\/stowarzyszenieadventure.pl\/fortbarycz\/wp-json\/wp\/v2\/comments?post=3269"}],"version-history":[{"count":7,"href":"https:\/\/stowarzyszenieadventure.pl\/fortbarycz\/wp-json\/wp\/v2\/pages\/3269\/revisions"}],"predecessor-version":[{"id":4538,"href":"https:\/\/stowarzyszenieadventure.pl\/fortbarycz\/wp-json\/wp\/v2\/pages\/3269\/revisions\/4538"}],"wp:attachment":[{"href":"https:\/\/stowarzyszenieadventure.pl\/fortbarycz\/wp-json\/wp\/v2\/media?parent=3269"}],"curies":[{"name":"wp","href":"https:\/\/api.w.org\/{rel}","templated":true}]}}