{"id":3501,"date":"2025-03-13T10:11:35","date_gmt":"2025-03-13T09:11:35","guid":{"rendered":"https:\/\/fortbarycz.pl\/?page_id=3501"},"modified":"2025-11-19T12:42:40","modified_gmt":"2025-11-19T11:42:40","slug":"strona-glowna-test-wydarzenia","status":"publish","type":"page","link":"https:\/\/stowarzyszenieadventure.pl\/fortbarycz\/","title":{"rendered":"Strona g\u0142\u00f3wna"},"content":{"rendered":"\n\t<section class=\"section\" id=\"section_376949397\">\n\t\t<div class=\"section-bg fill\" >\n\t\t\t\t\t\t\t\t\t\n\t\t\t\n\n\t\t<\/div>\n\n\t\t\n\n\t\t<div class=\"section-content relative\">\n\t\t\t\n\n  <div class=\"banner has-hover has-parallax\" id=\"banner-2071815078\">\n          <div class=\"banner-inner fill\">\n        <div class=\"banner-bg fill\" data-parallax=\"-5\" data-parallax-container=\".banner\" data-parallax-background>\n            <img loading=\"lazy\" decoding=\"async\" width=\"2048\" height=\"1365\" src=\"https:\/\/stowarzyszenieadventure.pl\/fortbarycz\/wp-content\/uploads\/2025\/03\/hero-fort-barycz.jpg\" class=\"bg attachment-original size-original\" alt=\"hero fort barycz\" \/>                        <div class=\"overlay\"><\/div>            \n                    <\/div>\n\t\t\n        <div class=\"banner-layers container\">\n            <div class=\"fill banner-link\"><\/div>            \n   <div id=\"text-box-1260656841\" class=\"text-box banner-layer x50 md-x50 lg-x50 y50 md-y50 lg-y50 res-text\">\n                     <div data-animate=\"blurIn\">           <div class=\"text-box-content text dark\">\n              \n              <div class=\"text-inner text-center\">\n                  \n<h2 class=\"uppercase\"><strong>Poznaj z nami Fort Barycz<br \/>\n<\/strong><\/h2>\n              <\/div>\n           <\/div>\n       <\/div>                     \n<style>\n#text-box-1260656841 {\n  width: 93%;\n}\n#text-box-1260656841 .text-box-content {\n  font-size: 100%;\n}\n<\/style>\n    <\/div>\n \n        <\/div>\n      <\/div>\n\n            \n<style>\n#banner-2071815078 {\n  padding-top: 500px;\n}\n#banner-2071815078 .overlay {\n  background-color: rgba(0,0,0,.5);\n}\n#banner-2071815078 .banner-bg img {\n  object-position: 56% 46%;\n}\n<\/style>\n  <\/div>\n\n\n\t\t<\/div>\n\n\t\t\n<style>\n#section_376949397 {\n  padding-top: 0px;\n  padding-bottom: 0px;\n}\n<\/style>\n\t<\/section>\n\t\n\n\t<section class=\"section\" id=\"section_1088970383\">\n\t\t<div class=\"section-bg fill\" >\n\t\t\t\t\t\t\t\t\t<div class=\"section-bg-overlay absolute fill\"><\/div>\n\t\t\t\n\n\t\t<\/div>\n\n\t\t\n\n\t\t<div class=\"section-content relative\">\n\t\t\t\n<div class=\"row row-large\"  id=\"row-1313442907\">\n\n\t<div id=\"col-1553694264\" class=\"col small-12 large-12\"  data-animate=\"fadeInUp\">\n\t\t\t\t<div class=\"col-inner text-center\"  >\n\t\t\t\n\t\t\t\n\t<div id=\"text-4071794433\" class=\"text\">\n\t\t\n<h2>Zapraszamy na wydarzenia na Forcie!<\/h2>\n\t\t\n<style>\n#text-4071794433 {\n  font-size: 1.5rem;\n  text-align: center;\n  color: rgb(0, 99, 175);\n}\n#text-4071794433 > * {\n  color: rgb(0, 99, 175);\n}\n<\/style>\n\t<\/div>\n\t\n<a href=\"https:\/\/fortbarycz.pl\/wydarzenia\/\" class=\"button success is-shade\"  style=\"border-radius:10px;padding:15px 15px 15px 15px;\">\n\t\t<span>Zobacz wszystkie wydarzenia na forcie<\/span>\n\t<\/a>\n\n\t\t<\/div>\n\t\t\t\t\n<style>\n#col-1553694264 > .col-inner {\n  margin: 50px 0px 0px 0px;\n}\n<\/style>\n\t<\/div>\n\n\t\n\n<style>\n#row-1313442907 > .col > .col-inner {\n  padding: 30px 0px 30px 0px;\n}\n@media (min-width:550px) {\n  #row-1313442907 > .col > .col-inner {\n    padding: 0px 0px 0px 0px;\n  }\n}\n<\/style>\n<\/div>\n\t\t<\/div>\n\n\t\t\n<style>\n#section_1088970383 {\n  padding-top: 0px;\n  padding-bottom: 0px;\n  background-color: rgba(234, 249, 249, 0.67);\n}\n#section_1088970383 .section-bg-overlay {\n  background-color: rgba(190, 190, 190, 0.2);\n}\n<\/style>\n\t<\/section>\n\t\n\n\t<section class=\"section\" id=\"section_576878447\">\n\t\t<div class=\"section-bg fill\" >\n\t\t\t<img loading=\"lazy\" decoding=\"async\" width=\"2048\" height=\"1365\" src=\"https:\/\/stowarzyszenieadventure.pl\/fortbarycz\/wp-content\/uploads\/2025\/03\/fort-barycz1.jpg\" class=\"bg attachment- size-\" alt=\"\" \/>\t\t\t\t\t\t<div class=\"section-bg-overlay absolute fill\"><\/div>\n\t\t\t\n\n\t\t<\/div>\n\n\t\t\n\n\t\t<div class=\"section-content relative\">\n\t\t\t\n<div class=\"container section-title-container\" style=\"margin-top:30px;margin-bottom:30px;max-width:80%;\"><h2 class=\"section-title section-title-bold\"><b><\/b><span class=\"section-title-main\" style=\"font-size:150%;color:rgb(0, 0, 0);\">BLOG<\/span><b><\/b><\/h2><\/div>\n\n  \n    <div class=\"row large-columns-3 medium-columns-1 small-columns-1 slider row-slider slider-nav-simple slider-nav-outside slider-nav-push\"  data-flickity-options='{&quot;imagesLoaded&quot;: true, &quot;groupCells&quot;: &quot;100%&quot;, &quot;dragThreshold&quot; : 5, &quot;cellAlign&quot;: &quot;left&quot;,&quot;wrapAround&quot;: true,&quot;prevNextButtons&quot;: true,&quot;percentPosition&quot;: true,&quot;pageDots&quot;: true, &quot;rightToLeft&quot;: false, &quot;autoPlay&quot; : false}' >\n\n  <div class=\"col post-item\" data-animate=\"fadeInDown\">\n\t\t\t<div class=\"col-inner\">\n\t\t\t\t<div class=\"box box-bounce box-text-bottom box-blog-post has-hover\">\n            \t\t\t\t\t<div class=\"box-image\" >\n  \t\t\t\t\t\t<div class=\"image-cover\" style=\"padding-top:100%;\">\n\t\t\t\t\t\t\t<a href=\"https:\/\/stowarzyszenieadventure.pl\/fortbarycz\/wspolnie-dla-dziedzictwa-2025\/\" class=\"plain\" aria-label=\"Wsp\u00f3lnie dla Dziedzictwa 2025\">\n\t\t\t\t\t\t\t\t<img loading=\"lazy\" decoding=\"async\" width=\"212\" height=\"300\" src=\"https:\/\/stowarzyszenieadventure.pl\/fortbarycz\/wp-content\/uploads\/2025\/10\/Plakat_A2_1-1-_1_-2-212x300.jpg\" class=\"attachment-medium size-medium wp-post-image\" alt=\"\" srcset=\"https:\/\/stowarzyszenieadventure.pl\/fortbarycz\/wp-content\/uploads\/2025\/10\/Plakat_A2_1-1-_1_-2-212x300.jpg 212w, https:\/\/stowarzyszenieadventure.pl\/fortbarycz\/wp-content\/uploads\/2025\/10\/Plakat_A2_1-1-_1_-2-724x1024.jpg 724w, https:\/\/stowarzyszenieadventure.pl\/fortbarycz\/wp-content\/uploads\/2025\/10\/Plakat_A2_1-1-_1_-2-768x1086.jpg 768w, https:\/\/stowarzyszenieadventure.pl\/fortbarycz\/wp-content\/uploads\/2025\/10\/Plakat_A2_1-1-_1_-2-1086x1536.jpg 1086w, https:\/\/stowarzyszenieadventure.pl\/fortbarycz\/wp-content\/uploads\/2025\/10\/Plakat_A2_1-1-_1_-2-1448x2048.jpg 1448w, https:\/\/stowarzyszenieadventure.pl\/fortbarycz\/wp-content\/uploads\/2025\/10\/Plakat_A2_1-1-_1_-2-scaled.jpg 1810w\" sizes=\"auto, (max-width: 212px) 100vw, 212px\" \/>\t\t\t\t\t\t\t<\/a>\n  \t\t\t\t\t\t\t  \t\t\t\t\t\t\t  \t\t\t\t\t\t<\/div>\n  \t\t\t\t\t\t  \t\t\t\t\t<\/div>\n          \t\t\t\t\t<div class=\"box-text text-center\" style=\"background-color:rgb(255, 255, 255);\">\n\t\t\t\t\t<div class=\"box-text-inner blog-post-inner\">\n\n\t\t\t\t\t\n\t\t\t\t\t\t\t\t\t\t<h5 class=\"post-title is-large uppercase\">\n\t\t\t\t\t\t<a href=\"https:\/\/stowarzyszenieadventure.pl\/fortbarycz\/wspolnie-dla-dziedzictwa-2025\/\" class=\"plain\">Wsp\u00f3lnie dla Dziedzictwa 2025<\/a>\n\t\t\t\t\t<\/h5>\n\t\t\t\t\t\t\t\t\t\t<div class=\"is-divider\"><\/div>\n\t\t\t\t\t                    \n\t\t\t\t\t\n\t\t\t\t\t\n\t\t\t\t\t<\/div>\n\t\t\t\t\t<\/div>\n\t\t\t\t\t\t\t\t\t<\/div>\n\t\t\t<\/div>\n\t\t<\/div><div class=\"col post-item\" data-animate=\"fadeInDown\">\n\t\t\t<div class=\"col-inner\">\n\t\t\t\t<div class=\"box box-bounce box-text-bottom box-blog-post has-hover\">\n            \t\t\t\t\t<div class=\"box-image\" >\n  \t\t\t\t\t\t<div class=\"image-cover\" style=\"padding-top:100%;\">\n\t\t\t\t\t\t\t<a href=\"https:\/\/stowarzyszenieadventure.pl\/fortbarycz\/malopolska-pszczola-2025\/\" class=\"plain\" aria-label=\"\u201eMa\u0142opolska Pszczo\u0142a 2025\u201d\">\n\t\t\t\t\t\t\t\t<img loading=\"lazy\" decoding=\"async\" width=\"300\" height=\"198\" src=\"https:\/\/stowarzyszenieadventure.pl\/fortbarycz\/wp-content\/uploads\/2025\/12\/1-300x198.jpg\" class=\"attachment-medium size-medium wp-post-image\" alt=\"\" srcset=\"https:\/\/stowarzyszenieadventure.pl\/fortbarycz\/wp-content\/uploads\/2025\/12\/1-300x198.jpg 300w, https:\/\/stowarzyszenieadventure.pl\/fortbarycz\/wp-content\/uploads\/2025\/12\/1-1024x674.jpg 1024w, https:\/\/stowarzyszenieadventure.pl\/fortbarycz\/wp-content\/uploads\/2025\/12\/1-768x506.jpg 768w, https:\/\/stowarzyszenieadventure.pl\/fortbarycz\/wp-content\/uploads\/2025\/12\/1-1536x1011.jpg 1536w, https:\/\/stowarzyszenieadventure.pl\/fortbarycz\/wp-content\/uploads\/2025\/12\/1-2048x1348.jpg 2048w\" sizes=\"auto, (max-width: 300px) 100vw, 300px\" \/>\t\t\t\t\t\t\t<\/a>\n  \t\t\t\t\t\t\t  \t\t\t\t\t\t\t  \t\t\t\t\t\t<\/div>\n  \t\t\t\t\t\t  \t\t\t\t\t<\/div>\n          \t\t\t\t\t<div class=\"box-text text-center\" style=\"background-color:rgb(255, 255, 255);\">\n\t\t\t\t\t<div class=\"box-text-inner blog-post-inner\">\n\n\t\t\t\t\t\n\t\t\t\t\t\t\t\t\t\t<h5 class=\"post-title is-large uppercase\">\n\t\t\t\t\t\t<a href=\"https:\/\/stowarzyszenieadventure.pl\/fortbarycz\/malopolska-pszczola-2025\/\" class=\"plain\">\u201eMa\u0142opolska Pszczo\u0142a 2025\u201d<\/a>\n\t\t\t\t\t<\/h5>\n\t\t\t\t\t\t\t\t\t\t<div class=\"is-divider\"><\/div>\n\t\t\t\t\t                    \n\t\t\t\t\t\n\t\t\t\t\t\n\t\t\t\t\t<\/div>\n\t\t\t\t\t<\/div>\n\t\t\t\t\t\t\t\t\t<\/div>\n\t\t\t<\/div>\n\t\t<\/div><div class=\"col post-item\" data-animate=\"fadeInDown\">\n\t\t\t<div class=\"col-inner\">\n\t\t\t\t<div class=\"box box-bounce box-text-bottom box-blog-post has-hover\">\n            \t\t\t\t\t<div class=\"box-image\" >\n  \t\t\t\t\t\t<div class=\"image-cover\" style=\"padding-top:100%;\">\n\t\t\t\t\t\t\t<a href=\"https:\/\/stowarzyszenieadventure.pl\/fortbarycz\/zapraszamy-na-wydarzenia-kulturalne-na-fort-barycz\/\" class=\"plain\" aria-label=\"Zapraszamy na wydarzenia kulturalne na Fort Barycz!\">\n\t\t\t\t\t\t\t\t<img loading=\"lazy\" decoding=\"async\" width=\"215\" height=\"300\" src=\"https:\/\/stowarzyszenieadventure.pl\/fortbarycz\/wp-content\/uploads\/2025\/04\/plakat-warsztaty-dla-dzieci-scaled-1-215x300.webp\" class=\"attachment-medium size-medium wp-post-image\" alt=\"\" srcset=\"https:\/\/stowarzyszenieadventure.pl\/fortbarycz\/wp-content\/uploads\/2025\/04\/plakat-warsztaty-dla-dzieci-scaled-1-215x300.webp 215w, https:\/\/stowarzyszenieadventure.pl\/fortbarycz\/wp-content\/uploads\/2025\/04\/plakat-warsztaty-dla-dzieci-scaled-1-734x1024.webp 734w, https:\/\/stowarzyszenieadventure.pl\/fortbarycz\/wp-content\/uploads\/2025\/04\/plakat-warsztaty-dla-dzieci-scaled-1-768x1072.webp 768w, https:\/\/stowarzyszenieadventure.pl\/fortbarycz\/wp-content\/uploads\/2025\/04\/plakat-warsztaty-dla-dzieci-scaled-1-1100x1536.webp 1100w, https:\/\/stowarzyszenieadventure.pl\/fortbarycz\/wp-content\/uploads\/2025\/04\/plakat-warsztaty-dla-dzieci-scaled-1-1467x2048.webp 1467w, https:\/\/stowarzyszenieadventure.pl\/fortbarycz\/wp-content\/uploads\/2025\/04\/plakat-warsztaty-dla-dzieci-scaled-1.webp 1834w\" sizes=\"auto, (max-width: 215px) 100vw, 215px\" \/>\t\t\t\t\t\t\t<\/a>\n  \t\t\t\t\t\t\t  \t\t\t\t\t\t\t  \t\t\t\t\t\t<\/div>\n  \t\t\t\t\t\t  \t\t\t\t\t<\/div>\n          \t\t\t\t\t<div class=\"box-text text-center\" style=\"background-color:rgb(255, 255, 255);\">\n\t\t\t\t\t<div class=\"box-text-inner blog-post-inner\">\n\n\t\t\t\t\t\n\t\t\t\t\t\t\t\t\t\t<h5 class=\"post-title is-large uppercase\">\n\t\t\t\t\t\t<a href=\"https:\/\/stowarzyszenieadventure.pl\/fortbarycz\/zapraszamy-na-wydarzenia-kulturalne-na-fort-barycz\/\" class=\"plain\">Zapraszamy na wydarzenia kulturalne na Fort Barycz!<\/a>\n\t\t\t\t\t<\/h5>\n\t\t\t\t\t\t\t\t\t\t<div class=\"is-divider\"><\/div>\n\t\t\t\t\t                    \n\t\t\t\t\t\n\t\t\t\t\t\n\t\t\t\t\t<\/div>\n\t\t\t\t\t<\/div>\n\t\t\t\t\t\t\t\t\t<\/div>\n\t\t\t<\/div>\n\t\t<\/div><div class=\"col post-item\" data-animate=\"fadeInDown\">\n\t\t\t<div class=\"col-inner\">\n\t\t\t\t<div class=\"box box-bounce box-text-bottom box-blog-post has-hover\">\n            \t\t\t\t\t<div class=\"box-image\" >\n  \t\t\t\t\t\t<div class=\"image-cover\" style=\"padding-top:100%;\">\n\t\t\t\t\t\t\t<a href=\"https:\/\/stowarzyszenieadventure.pl\/fortbarycz\/zapraszamy-na-serie-filmow-odkrywaj-twierdze-krakow\/\" class=\"plain\" aria-label=\"Zapraszamy na seri\u0119 film\u00f3w &#8222;Odkrywaj Twierdz\u0119 Krak\u00f3w&#8221;\">\n\t\t\t\t\t\t\t\t<img loading=\"lazy\" decoding=\"async\" width=\"300\" height=\"157\" src=\"https:\/\/stowarzyszenieadventure.pl\/fortbarycz\/wp-content\/uploads\/2025\/02\/btw-300x157.jpg\" class=\"attachment-medium size-medium wp-post-image\" alt=\"Bieg Twierdzy Krak\u00f3w\" srcset=\"https:\/\/stowarzyszenieadventure.pl\/fortbarycz\/wp-content\/uploads\/2025\/02\/btw-300x157.jpg 300w, https:\/\/stowarzyszenieadventure.pl\/fortbarycz\/wp-content\/uploads\/2025\/02\/btw-1024x535.jpg 1024w, https:\/\/stowarzyszenieadventure.pl\/fortbarycz\/wp-content\/uploads\/2025\/02\/btw-768x402.jpg 768w, https:\/\/stowarzyszenieadventure.pl\/fortbarycz\/wp-content\/uploads\/2025\/02\/btw.jpg 1352w\" sizes=\"auto, (max-width: 300px) 100vw, 300px\" \/>\t\t\t\t\t\t\t<\/a>\n  \t\t\t\t\t\t\t  \t\t\t\t\t\t\t  \t\t\t\t\t\t<\/div>\n  \t\t\t\t\t\t  \t\t\t\t\t<\/div>\n          \t\t\t\t\t<div class=\"box-text text-center\" style=\"background-color:rgb(255, 255, 255);\">\n\t\t\t\t\t<div class=\"box-text-inner blog-post-inner\">\n\n\t\t\t\t\t\n\t\t\t\t\t\t\t\t\t\t<h5 class=\"post-title is-large uppercase\">\n\t\t\t\t\t\t<a href=\"https:\/\/stowarzyszenieadventure.pl\/fortbarycz\/zapraszamy-na-serie-filmow-odkrywaj-twierdze-krakow\/\" class=\"plain\">Zapraszamy na seri\u0119 film\u00f3w &#8222;Odkrywaj Twierdz\u0119 Krak\u00f3w&#8221;<\/a>\n\t\t\t\t\t<\/h5>\n\t\t\t\t\t\t\t\t\t\t<div class=\"is-divider\"><\/div>\n\t\t\t\t\t                    \n\t\t\t\t\t\n\t\t\t\t\t\n\t\t\t\t\t<\/div>\n\t\t\t\t\t<\/div>\n\t\t\t\t\t\t\t\t\t<\/div>\n\t\t\t<\/div>\n\t\t<\/div><div class=\"col post-item\" data-animate=\"fadeInDown\">\n\t\t\t<div class=\"col-inner\">\n\t\t\t\t<div class=\"box box-bounce box-text-bottom box-blog-post has-hover\">\n            \t\t\t\t\t<div class=\"box-image\" >\n  \t\t\t\t\t\t<div class=\"image-cover\" style=\"padding-top:100%;\">\n\t\t\t\t\t\t\t<a href=\"https:\/\/stowarzyszenieadventure.pl\/fortbarycz\/projekt-nasadzen-drzew-miododajnych-oraz-warsztatow-edukacyjnych-malopolska-pszczola\/\" class=\"plain\" aria-label=\"Projekt nasadze\u0144 drzew miododajnych oraz warsztat\u00f3w edukacyjnych \u201eMa\u0142opolska Pszczo\u0142a\u201d\">\n\t\t\t\t\t\t\t\t<img loading=\"lazy\" decoding=\"async\" width=\"300\" height=\"225\" src=\"https:\/\/stowarzyszenieadventure.pl\/fortbarycz\/wp-content\/uploads\/2025\/02\/zdj1-1-300x225.jpg\" class=\"attachment-medium size-medium wp-post-image\" alt=\"Ma\u0142opolska PSzczo\u0142a\" srcset=\"https:\/\/stowarzyszenieadventure.pl\/fortbarycz\/wp-content\/uploads\/2025\/02\/zdj1-1-300x225.jpg 300w, https:\/\/stowarzyszenieadventure.pl\/fortbarycz\/wp-content\/uploads\/2025\/02\/zdj1-1-1024x768.jpg 1024w, https:\/\/stowarzyszenieadventure.pl\/fortbarycz\/wp-content\/uploads\/2025\/02\/zdj1-1-768x576.jpg 768w, https:\/\/stowarzyszenieadventure.pl\/fortbarycz\/wp-content\/uploads\/2025\/02\/zdj1-1-1536x1152.jpg 1536w, https:\/\/stowarzyszenieadventure.pl\/fortbarycz\/wp-content\/uploads\/2025\/02\/zdj1-1.jpg 2048w\" sizes=\"auto, (max-width: 300px) 100vw, 300px\" \/>\t\t\t\t\t\t\t<\/a>\n  \t\t\t\t\t\t\t  \t\t\t\t\t\t\t  \t\t\t\t\t\t<\/div>\n  \t\t\t\t\t\t  \t\t\t\t\t<\/div>\n          \t\t\t\t\t<div class=\"box-text text-center\" style=\"background-color:rgb(255, 255, 255);\">\n\t\t\t\t\t<div class=\"box-text-inner blog-post-inner\">\n\n\t\t\t\t\t\n\t\t\t\t\t\t\t\t\t\t<h5 class=\"post-title is-large uppercase\">\n\t\t\t\t\t\t<a href=\"https:\/\/stowarzyszenieadventure.pl\/fortbarycz\/projekt-nasadzen-drzew-miododajnych-oraz-warsztatow-edukacyjnych-malopolska-pszczola\/\" class=\"plain\">Projekt nasadze\u0144 drzew miododajnych oraz warsztat\u00f3w edukacyjnych \u201eMa\u0142opolska Pszczo\u0142a\u201d<\/a>\n\t\t\t\t\t<\/h5>\n\t\t\t\t\t\t\t\t\t\t<div class=\"is-divider\"><\/div>\n\t\t\t\t\t                    \n\t\t\t\t\t\n\t\t\t\t\t\n\t\t\t\t\t<\/div>\n\t\t\t\t\t<\/div>\n\t\t\t\t\t\t\t\t\t<\/div>\n\t\t\t<\/div>\n\t\t<\/div><div class=\"col post-item\" data-animate=\"fadeInDown\">\n\t\t\t<div class=\"col-inner\">\n\t\t\t\t<div class=\"box box-bounce box-text-bottom box-blog-post has-hover\">\n            \t\t\t\t\t<div class=\"box-image\" >\n  \t\t\t\t\t\t<div class=\"image-cover\" style=\"padding-top:100%;\">\n\t\t\t\t\t\t\t<a href=\"https:\/\/stowarzyszenieadventure.pl\/fortbarycz\/bieg-twierdzy-krakow-na-forcie-barycz\/\" class=\"plain\" aria-label=\"Bieg Twierdzy Krak\u00f3w na Forcie Barycz!\">\n\t\t\t\t\t\t\t\t<img loading=\"lazy\" decoding=\"async\" width=\"200\" height=\"300\" src=\"https:\/\/stowarzyszenieadventure.pl\/fortbarycz\/wp-content\/uploads\/2025\/02\/bieg-200x300.jpg\" class=\"attachment-medium size-medium wp-post-image\" alt=\"Bieg Twierdzy Krak\u00f3w\" srcset=\"https:\/\/stowarzyszenieadventure.pl\/fortbarycz\/wp-content\/uploads\/2025\/02\/bieg-200x300.jpg 200w, https:\/\/stowarzyszenieadventure.pl\/fortbarycz\/wp-content\/uploads\/2025\/02\/bieg-683x1024.jpg 683w, https:\/\/stowarzyszenieadventure.pl\/fortbarycz\/wp-content\/uploads\/2025\/02\/bieg-768x1152.jpg 768w, https:\/\/stowarzyszenieadventure.pl\/fortbarycz\/wp-content\/uploads\/2025\/02\/bieg-1024x1536.jpg 1024w, https:\/\/stowarzyszenieadventure.pl\/fortbarycz\/wp-content\/uploads\/2025\/02\/bieg.jpg 1365w\" sizes=\"auto, (max-width: 200px) 100vw, 200px\" \/>\t\t\t\t\t\t\t<\/a>\n  \t\t\t\t\t\t\t  \t\t\t\t\t\t\t  \t\t\t\t\t\t<\/div>\n  \t\t\t\t\t\t  \t\t\t\t\t<\/div>\n          \t\t\t\t\t<div class=\"box-text text-center\" style=\"background-color:rgb(255, 255, 255);\">\n\t\t\t\t\t<div class=\"box-text-inner blog-post-inner\">\n\n\t\t\t\t\t\n\t\t\t\t\t\t\t\t\t\t<h5 class=\"post-title is-large uppercase\">\n\t\t\t\t\t\t<a href=\"https:\/\/stowarzyszenieadventure.pl\/fortbarycz\/bieg-twierdzy-krakow-na-forcie-barycz\/\" class=\"plain\">Bieg Twierdzy Krak\u00f3w na Forcie Barycz!<\/a>\n\t\t\t\t\t<\/h5>\n\t\t\t\t\t\t\t\t\t\t<div class=\"is-divider\"><\/div>\n\t\t\t\t\t                    \n\t\t\t\t\t\n\t\t\t\t\t\n\t\t\t\t\t<\/div>\n\t\t\t\t\t<\/div>\n\t\t\t\t\t\t\t\t\t<\/div>\n\t\t\t<\/div>\n\t\t<\/div><div class=\"col post-item\" data-animate=\"fadeInDown\">\n\t\t\t<div class=\"col-inner\">\n\t\t\t\t<div class=\"box box-bounce box-text-bottom box-blog-post has-hover\">\n            \t\t\t\t\t<div class=\"box-image\" >\n  \t\t\t\t\t\t<div class=\"image-cover\" style=\"padding-top:100%;\">\n\t\t\t\t\t\t\t<a href=\"https:\/\/stowarzyszenieadventure.pl\/fortbarycz\/warsztaty-z-pomocy-przedmedycznej-na-forcie-barycz\/\" class=\"plain\" aria-label=\"Warsztaty z pomocy przedmedycznej na Forcie Barycz\">\n\t\t\t\t\t\t\t\t<img loading=\"lazy\" decoding=\"async\" width=\"300\" height=\"198\" src=\"https:\/\/stowarzyszenieadventure.pl\/fortbarycz\/wp-content\/uploads\/2025\/03\/10-300x198.jpg\" class=\"attachment-medium size-medium wp-post-image\" alt=\"Warsztaty z pomocy przedmedycznej na Forcie Barycz\" srcset=\"https:\/\/stowarzyszenieadventure.pl\/fortbarycz\/wp-content\/uploads\/2025\/03\/10-300x198.jpg 300w, https:\/\/stowarzyszenieadventure.pl\/fortbarycz\/wp-content\/uploads\/2025\/03\/10-1024x677.jpg 1024w, https:\/\/stowarzyszenieadventure.pl\/fortbarycz\/wp-content\/uploads\/2025\/03\/10-768x508.jpg 768w, https:\/\/stowarzyszenieadventure.pl\/fortbarycz\/wp-content\/uploads\/2025\/03\/10-1536x1016.jpg 1536w, https:\/\/stowarzyszenieadventure.pl\/fortbarycz\/wp-content\/uploads\/2025\/03\/10-2048x1354.jpg 2048w\" sizes=\"auto, (max-width: 300px) 100vw, 300px\" \/>\t\t\t\t\t\t\t<\/a>\n  \t\t\t\t\t\t\t  \t\t\t\t\t\t\t  \t\t\t\t\t\t<\/div>\n  \t\t\t\t\t\t  \t\t\t\t\t<\/div>\n          \t\t\t\t\t<div class=\"box-text text-center\" style=\"background-color:rgb(255, 255, 255);\">\n\t\t\t\t\t<div class=\"box-text-inner blog-post-inner\">\n\n\t\t\t\t\t\n\t\t\t\t\t\t\t\t\t\t<h5 class=\"post-title is-large uppercase\">\n\t\t\t\t\t\t<a href=\"https:\/\/stowarzyszenieadventure.pl\/fortbarycz\/warsztaty-z-pomocy-przedmedycznej-na-forcie-barycz\/\" class=\"plain\">Warsztaty z pomocy przedmedycznej na Forcie Barycz<\/a>\n\t\t\t\t\t<\/h5>\n\t\t\t\t\t\t\t\t\t\t<div class=\"is-divider\"><\/div>\n\t\t\t\t\t                    \n\t\t\t\t\t\n\t\t\t\t\t\n\t\t\t\t\t<\/div>\n\t\t\t\t\t<\/div>\n\t\t\t\t\t\t\t\t\t<\/div>\n\t\t\t<\/div>\n\t\t<\/div><\/div>\n\t\t<\/div>\n\n\t\t\n<style>\n#section_576878447 {\n  padding-top: 50px;\n  padding-bottom: 50px;\n}\n#section_576878447 .section-bg-overlay {\n  background-color: rgba(255, 255, 255, 0.901);\n}\n#section_576878447 .section-bg img {\n  object-position: 49% 47%;\n}\n<\/style>\n\t<\/section>\n\t\n","protected":false},"excerpt":{"rendered":"","protected":false},"author":1,"featured_media":0,"parent":0,"menu_order":0,"comment_status":"closed","ping_status":"closed","template":"page-transparent-header.php","meta":{"_price":"","_stock":"","_tribe_ticket_header":"","_tribe_default_ticket_provider":"TEC\\Tickets\\Commerce\\Module","_tribe_ticket_capacity":"0","_ticket_start_date":"","_ticket_end_date":"","_tribe_ticket_show_description":"","_tribe_ticket_show_not_going":false,"_tribe_ticket_use_global_stock":"","_tribe_ticket_global_stock_level":"","_global_stock_mode":"","_global_stock_cap":"","_tribe_rsvp_for_event":"","_tribe_ticket_going_count":"","_tribe_ticket_not_going_count":"","_tribe_tickets_list":"[]","_tribe_ticket_has_attendee_info_fields":false,"footnotes":"","_tec_slr_enabled":"","_tec_slr_layout":""},"class_list":["post-3501","page","type-page","status-publish","hentry"],"ticketed":false,"_links":{"self":[{"href":"https:\/\/stowarzyszenieadventure.pl\/fortbarycz\/wp-json\/wp\/v2\/pages\/3501","targetHints":{"allow":["GET"]}}],"collection":[{"href":"https:\/\/stowarzyszenieadventure.pl\/fortbarycz\/wp-json\/wp\/v2\/pages"}],"about":[{"href":"https:\/\/stowarzyszenieadventure.pl\/fortbarycz\/wp-json\/wp\/v2\/types\/page"}],"author":[{"embeddable":true,"href":"https:\/\/stowarzyszenieadventure.pl\/fortbarycz\/wp-json\/wp\/v2\/users\/1"}],"replies":[{"embeddable":true,"href":"https:\/\/stowarzyszenieadventure.pl\/fortbarycz\/wp-json\/wp\/v2\/comments?post=3501"}],"version-history":[{"count":23,"href":"https:\/\/stowarzyszenieadventure.pl\/fortbarycz\/wp-json\/wp\/v2\/pages\/3501\/revisions"}],"predecessor-version":[{"id":4589,"href":"https:\/\/stowarzyszenieadventure.pl\/fortbarycz\/wp-json\/wp\/v2\/pages\/3501\/revisions\/4589"}],"wp:attachment":[{"href":"https:\/\/stowarzyszenieadventure.pl\/fortbarycz\/wp-json\/wp\/v2\/media?parent=3501"}],"curies":[{"name":"wp","href":"https:\/\/api.w.org\/{rel}","templated":true}]}}