{"id":4104,"date":"2025-07-25T13:06:02","date_gmt":"2025-07-25T11:06:02","guid":{"rendered":"https:\/\/fortbarycz.pl\/?page_id=4104"},"modified":"2025-11-03T14:01:39","modified_gmt":"2025-11-03T13:01:39","slug":"zwiedzanie","status":"publish","type":"page","link":"https:\/\/stowarzyszenieadventure.pl\/fortbarycz\/zwiedzanie\/","title":{"rendered":"Zwiedzanie"},"content":{"rendered":"\n\t<section class=\"section\" id=\"section_1981719628\">\n\t\t<div class=\"section-bg fill\" >\n\t\t\t<img loading=\"lazy\" decoding=\"async\" width=\"1145\" height=\"488\" src=\"https:\/\/stowarzyszenieadventure.pl\/fortbarycz\/wp-content\/uploads\/2024\/09\/olszanica.jpg\" class=\"bg attachment- size-\" alt=\"Fort olszanica\" \/>\t\t\t\t\t\t<div class=\"section-bg-overlay absolute fill\"><\/div>\n\t\t\t\n\n\t\t<\/div>\n\n\t\t\n\n\t\t<div class=\"section-content relative\">\n\t\t\t\n<div class=\"row row-small\"  id=\"row-32853445\">\n\n\t<div id=\"col-1897316119\" class=\"col small-12 large-12\"  >\n\t\t\t\t<div class=\"col-inner text-shadow-5\"  data-parallax-fade=\"true\" data-parallax=\"2\">\n\t\t\t\n\t\t\t\n\t<div id=\"text-439636994\" class=\"text\">\n\t\t\n<h1><span style=\"color: #fff;\">Zwiedzanie<\/span><\/h1>\n\t\t\n<style>\n#text-439636994 {\n  font-size: 2.02rem;\n  line-height: 1.8;\n  text-align: center;\n  color: rgb(255,255,255);\n}\n#text-439636994 > * {\n  color: rgb(255,255,255);\n}\n@media (min-width:550px) {\n  #text-439636994 {\n    text-align: center;\n  }\n}\n<\/style>\n\t<\/div>\n\t\n\t\t<\/div>\n\t\t\t\t\n<style>\n#col-1897316119 > .col-inner {\n  padding: 0px 0px 0px 0px;\n  margin: 40px 0px 40px 0px;\n}\n<\/style>\n\t<\/div>\n\n\t\n\n<style>\n#row-32853445 > .col > .col-inner {\n  padding: 100px 0px 0px 0px;\n}\n<\/style>\n<\/div>\n\t\t<\/div>\n\n\t\t\n<style>\n#section_1981719628 {\n  padding-top: 0px;\n  padding-bottom: 0px;\n  background-color: rgb(0,0,0);\n}\n#section_1981719628 .section-bg-overlay {\n  background-color: rgba(0, 0, 0, 0.715);\n}\n#section_1981719628 .section-bg img {\n  object-position: 45% 52%;\n}\n<\/style>\n\t<\/section>\n\t\n<p>&nbsp;<\/p>\n\n\t<section class=\"section\" id=\"section_1423923691\">\n\t\t<div class=\"section-bg fill\" >\n\t\t\t\t\t\t\t\t\t\n\t\t\t\n\n\t\t<\/div>\n\n\t\t\n\n\t\t<div class=\"section-content relative\">\n\t\t\t\n<div class=\"row\"  id=\"row-233708005\">\n\n\t<div id=\"col-1746003384\" class=\"col small-12 large-12\"  >\n\t\t\t\t<div class=\"col-inner\"  >\n\t\t\t\n\t\t\t\n<p>&nbsp;<\/p>\n<h2 data-start=\"245\" data-end=\"273\">Zwiedzanie Fortu Barycz<\/h2>\n<p data-start=\"275\" data-end=\"342\">Zapraszamy do poznania historii <strong data-start=\"307\" data-end=\"323\">Fortu Barycz<\/strong> z przewodnikiem.<\/p>\n<p data-start=\"344\" data-end=\"640\">Podczas oprowadzania zobacz\u0105 Pa\u0144stwo <strong data-start=\"381\" data-end=\"416\">miejsca na co dzie\u0144 niedost\u0119pne<\/strong> oraz us\u0142ysz\u0105 opowie\u015bci, kt\u00f3re pozwol\u0105 lepiej zrozumie\u0107 przesz\u0142o\u015b\u0107 tego wyj\u0105tkowego obiektu.<br data-start=\"508\" data-end=\"511\" \/>To okazja, by spojrze\u0107 na histori\u0119 nie jak na daty z podr\u0119cznika, lecz jako na realne wydarzenia, kt\u00f3re zostawi\u0142y tu sw\u00f3j \u015blad.<\/p>\n<hr data-start=\"642\" data-end=\"645\" \/>\n<h3 data-start=\"647\" data-end=\"676\">Co czeka na uczestnik\u00f3w<\/h3>\n<p data-start=\"678\" data-end=\"907\">\ud83d\udd39 <strong data-start=\"681\" data-end=\"707\">Spacer z przewodnikiem<\/strong><br data-start=\"707\" data-end=\"710\" \/>Poznacie histori\u0119 fortu, jego funkcje obronne i rol\u0119 w systemie Twierdzy Krak\u00f3w. Przewodnik opowie o dawnym \u017cyciu \u017co\u0142nierzy, rozwoju in\u017cynierii wojskowej oraz ciekawostkach zwi\u0105zanych z miejscem.<\/p>\n<p data-start=\"909\" data-end=\"1126\">\ud83d\udd39 <strong data-start=\"912\" data-end=\"947\">Miejsca niedost\u0119pne na co dzie\u0144<\/strong><br data-start=\"947\" data-end=\"950\" \/>Zwiedzanie obejmuje wybrane pomieszczenia fortu &#8211; pokazuj\u0105ce, jak funkcjonowa\u0142 obiekt w czasie swojej \u015bwietno\u015bci.<\/p>\n<p data-start=\"1128\" data-end=\"1344\">\ud83d\udd39 <strong data-start=\"1131\" data-end=\"1159\">Historia i wsp\u00f3\u0142czesno\u015b\u0107<\/strong><br data-start=\"1159\" data-end=\"1162\" \/>Podczas spaceru poznaj\u0105 Pa\u0144stwo r\u00f3wnie\u017c wsp\u00f3\u0142czesne dzia\u0142ania rewitalizacyjne prowadzone na terenie fortu i jak dawna przestrze\u0144 wojskowa odzyskuje dzi\u015b nowe \u017cycie.<\/p>\n<hr data-start=\"1346\" data-end=\"1349\" \/>\n<h3 data-start=\"1351\" data-end=\"1377\">Dodatkowe mo\u017cliwo\u015bci<\/h3>\n<p data-start=\"1379\" data-end=\"1680\">\u27a1 Mo\u017cliwo\u015b\u0107 po\u0142\u0105czenia zwiedzania z <strong data-start=\"1415\" data-end=\"1428\">ogniskiem<\/strong> lub <strong data-start=\"1433\" data-end=\"1461\">warsztatami edukacyjnymi<\/strong><br data-start=\"1461\" data-end=\"1464\" \/>\u27a1 Organizacja zwiedzania dla <strong data-start=\"1493\" data-end=\"1545\">grup szkolnych, rodzin i turyst\u00f3w indywidualnych<\/strong><br data-start=\"1545\" data-end=\"1548\" \/>\u27a1 Mo\u017cliwo\u015b\u0107 przygotowania oprowadzania <strong data-start=\"1587\" data-end=\"1603\">tematycznego<\/strong><\/p>\n<hr data-start=\"1682\" data-end=\"1685\" \/>\n<h3 data-start=\"1687\" data-end=\"1713\">Rezerwacje i kontakt<\/h3>\n<p data-start=\"1715\" data-end=\"1799\">\ud83d\udcde <strong data-start=\"1718\" data-end=\"1730\">Telefon:<\/strong> +48 510 215 496<br data-start=\"1746\" data-end=\"1749\" \/>\ud83d\udce7 <strong data-start=\"1752\" data-end=\"1762\">Email:<\/strong> <a class=\"decorated-link cursor-pointer\" rel=\"noopener\" data-start=\"1763\" data-end=\"1797\">adventure.stowarzyszenie@gmail.com<\/a><\/p>\n<hr data-start=\"1801\" data-end=\"1804\" \/>\n<h3 data-start=\"1806\" data-end=\"1857\">Fort Barycz \u2013 odkryj histori\u0119 ukryt\u0105 w murach<\/h3>\n<p data-start=\"1859\" data-end=\"2103\">Fort Barycz to jeden z ciekawszych obiekt\u00f3w dawnej <strong data-start=\"1910\" data-end=\"1929\">Twierdzy Krak\u00f3w<\/strong>, \u0142\u0105cz\u0105cy militarne dziedzictwo z pi\u0119knem przyrody.<br data-start=\"1980\" data-end=\"1983\" \/>Odwiedzaj\u0105c nas, mo\u017cna zobaczy\u0107, jak historia o\u017cywa \u2013 w autentycznym miejscu, kt\u00f3re przez lata strzeg\u0142o granic miasta.<\/p>\n<p data-start=\"2105\" data-end=\"2187\">Zapraszamy do wsp\u00f3lnego odkrywania tajemnic fortu i jego niezwyk\u0142ej przesz\u0142o\u015bci.<\/p>\n<p>&nbsp;<\/p>\n<p><img loading=\"lazy\" decoding=\"async\" class=\"size-medium wp-image-4556 aligncenter\" src=\"https:\/\/fortbarycz.pl\/wp-content\/uploads\/2025\/11\/IMG_6075-198x300.jpeg\" alt=\"\" width=\"198\" height=\"300\" srcset=\"https:\/\/stowarzyszenieadventure.pl\/fortbarycz\/wp-content\/uploads\/2025\/11\/IMG_6075-198x300.jpeg 198w, https:\/\/stowarzyszenieadventure.pl\/fortbarycz\/wp-content\/uploads\/2025\/11\/IMG_6075-675x1024.jpeg 675w, https:\/\/stowarzyszenieadventure.pl\/fortbarycz\/wp-content\/uploads\/2025\/11\/IMG_6075-768x1165.jpeg 768w, https:\/\/stowarzyszenieadventure.pl\/fortbarycz\/wp-content\/uploads\/2025\/11\/IMG_6075-1012x1536.jpeg 1012w, https:\/\/stowarzyszenieadventure.pl\/fortbarycz\/wp-content\/uploads\/2025\/11\/IMG_6075.jpeg 1170w\" sizes=\"auto, (max-width: 198px) 100vw, 198px\" \/><\/p>\n<p><img loading=\"lazy\" decoding=\"async\" class=\"size-medium wp-image-4557 alignleft\" src=\"https:\/\/fortbarycz.pl\/wp-content\/uploads\/2025\/11\/IMG_6076-180x300.jpeg\" alt=\"\" width=\"180\" height=\"300\" srcset=\"https:\/\/stowarzyszenieadventure.pl\/fortbarycz\/wp-content\/uploads\/2025\/11\/IMG_6076-180x300.jpeg 180w, https:\/\/stowarzyszenieadventure.pl\/fortbarycz\/wp-content\/uploads\/2025\/11\/IMG_6076-613x1024.jpeg 613w, https:\/\/stowarzyszenieadventure.pl\/fortbarycz\/wp-content\/uploads\/2025\/11\/IMG_6076-768x1283.jpeg 768w, https:\/\/stowarzyszenieadventure.pl\/fortbarycz\/wp-content\/uploads\/2025\/11\/IMG_6076-920x1536.jpeg 920w, https:\/\/stowarzyszenieadventure.pl\/fortbarycz\/wp-content\/uploads\/2025\/11\/IMG_6076.jpeg 1170w\" sizes=\"auto, (max-width: 180px) 100vw, 180px\" \/> <img loading=\"lazy\" decoding=\"async\" class=\"size-medium wp-image-4546 aligncenter\" src=\"https:\/\/fortbarycz.pl\/wp-content\/uploads\/2025\/11\/IMG_6070-231x300.jpeg\" alt=\"\" width=\"231\" height=\"300\" srcset=\"https:\/\/stowarzyszenieadventure.pl\/fortbarycz\/wp-content\/uploads\/2025\/11\/IMG_6070-231x300.jpeg 231w, https:\/\/stowarzyszenieadventure.pl\/fortbarycz\/wp-content\/uploads\/2025\/11\/IMG_6070-787x1024.jpeg 787w, https:\/\/stowarzyszenieadventure.pl\/fortbarycz\/wp-content\/uploads\/2025\/11\/IMG_6070-768x999.jpeg 768w, https:\/\/stowarzyszenieadventure.pl\/fortbarycz\/wp-content\/uploads\/2025\/11\/IMG_6070.jpeg 1170w\" sizes=\"auto, (max-width: 231px) 100vw, 231px\" \/> \u00a0<img loading=\"lazy\" decoding=\"async\" class=\"size-medium wp-image-3423 alignright\" src=\"https:\/\/fortbarycz.pl\/wp-content\/uploads\/2025\/03\/fort-barycz29-199x300.jpg\" alt=\"\" width=\"199\" height=\"300\" srcset=\"https:\/\/stowarzyszenieadventure.pl\/fortbarycz\/wp-content\/uploads\/2025\/03\/fort-barycz29-199x300.jpg 199w, https:\/\/stowarzyszenieadventure.pl\/fortbarycz\/wp-content\/uploads\/2025\/03\/fort-barycz29-681x1024.jpg 681w, https:\/\/stowarzyszenieadventure.pl\/fortbarycz\/wp-content\/uploads\/2025\/03\/fort-barycz29-768x1156.jpg 768w, https:\/\/stowarzyszenieadventure.pl\/fortbarycz\/wp-content\/uploads\/2025\/03\/fort-barycz29-1021x1536.jpg 1021w, https:\/\/stowarzyszenieadventure.pl\/fortbarycz\/wp-content\/uploads\/2025\/03\/fort-barycz29.jpg 1361w\" sizes=\"auto, (max-width: 199px) 100vw, 199px\" \/><\/p>\n\t\t<\/div>\n\t\t\t\t\t<\/div>\n\n\t\n<\/div>\n\t\t<\/div>\n\n\t\t\n<style>\n#section_1423923691 {\n  padding-top: 30px;\n  padding-bottom: 30px;\n}\n<\/style>\n\t<\/section>\n\t\n","protected":false},"excerpt":{"rendered":"<p>&nbsp;<\/p>\n","protected":false},"author":1,"featured_media":0,"parent":0,"menu_order":0,"comment_status":"closed","ping_status":"closed","template":"page-transparent-header.php","meta":{"_price":"","_stock":"","_tribe_ticket_header":"","_tribe_default_ticket_provider":"TEC\\Tickets\\Commerce\\Module","_tribe_ticket_capacity":"0","_ticket_start_date":"","_ticket_end_date":"","_tribe_ticket_show_description":"","_tribe_ticket_show_not_going":false,"_tribe_ticket_use_global_stock":"","_tribe_ticket_global_stock_level":"","_global_stock_mode":"","_global_stock_cap":"","_tribe_rsvp_for_event":"","_tribe_ticket_going_count":"","_tribe_ticket_not_going_count":"","_tribe_tickets_list":"[]","_tribe_ticket_has_attendee_info_fields":false,"footnotes":"","_tec_slr_enabled":"","_tec_slr_layout":""},"class_list":["post-4104","page","type-page","status-publish","hentry"],"ticketed":false,"_links":{"self":[{"href":"https:\/\/stowarzyszenieadventure.pl\/fortbarycz\/wp-json\/wp\/v2\/pages\/4104","targetHints":{"allow":["GET"]}}],"collection":[{"href":"https:\/\/stowarzyszenieadventure.pl\/fortbarycz\/wp-json\/wp\/v2\/pages"}],"about":[{"href":"https:\/\/stowarzyszenieadventure.pl\/fortbarycz\/wp-json\/wp\/v2\/types\/page"}],"author":[{"embeddable":true,"href":"https:\/\/stowarzyszenieadventure.pl\/fortbarycz\/wp-json\/wp\/v2\/users\/1"}],"replies":[{"embeddable":true,"href":"https:\/\/stowarzyszenieadventure.pl\/fortbarycz\/wp-json\/wp\/v2\/comments?post=4104"}],"version-history":[{"count":8,"href":"https:\/\/stowarzyszenieadventure.pl\/fortbarycz\/wp-json\/wp\/v2\/pages\/4104\/revisions"}],"predecessor-version":[{"id":4567,"href":"https:\/\/stowarzyszenieadventure.pl\/fortbarycz\/wp-json\/wp\/v2\/pages\/4104\/revisions\/4567"}],"wp:attachment":[{"href":"https:\/\/stowarzyszenieadventure.pl\/fortbarycz\/wp-json\/wp\/v2\/media?parent=4104"}],"curies":[{"name":"wp","href":"https:\/\/api.w.org\/{rel}","templated":true}]}}