{"id":4108,"date":"2025-07-25T13:07:24","date_gmt":"2025-07-25T11:07:24","guid":{"rendered":"https:\/\/fortbarycz.pl\/?page_id=4108"},"modified":"2025-11-03T13:53:30","modified_gmt":"2025-11-03T12:53:30","slug":"warsztaty","status":"publish","type":"page","link":"https:\/\/stowarzyszenieadventure.pl\/fortbarycz\/warsztaty\/","title":{"rendered":"Warsztaty"},"content":{"rendered":"\n\t<section class=\"section\" id=\"section_305802795\">\n\t\t<div class=\"section-bg fill\" >\n\t\t\t<img loading=\"lazy\" decoding=\"async\" width=\"1145\" height=\"488\" src=\"https:\/\/stowarzyszenieadventure.pl\/fortbarycz\/wp-content\/uploads\/2024\/09\/olszanica.jpg\" class=\"bg attachment- size-\" alt=\"Fort olszanica\" \/>\t\t\t\t\t\t<div class=\"section-bg-overlay absolute fill\"><\/div>\n\t\t\t\n\n\t\t<\/div>\n\n\t\t\n\n\t\t<div class=\"section-content relative\">\n\t\t\t\n<div class=\"row row-small\"  id=\"row-1709252502\">\n\n\t<div id=\"col-2041463266\" class=\"col small-12 large-12\"  >\n\t\t\t\t<div class=\"col-inner text-shadow-5\"  data-parallax-fade=\"true\" data-parallax=\"2\">\n\t\t\t\n\t\t\t\n\t<div id=\"text-289513741\" class=\"text\">\n\t\t\n<h1><span style=\"color: #fff;\">Warsztaty<\/span><\/h1>\n\t\t\n<style>\n#text-289513741 {\n  font-size: 2.02rem;\n  line-height: 1.8;\n  text-align: center;\n  color: rgb(255,255,255);\n}\n#text-289513741 > * {\n  color: rgb(255,255,255);\n}\n@media (min-width:550px) {\n  #text-289513741 {\n    text-align: center;\n  }\n}\n<\/style>\n\t<\/div>\n\t\n\t\t<\/div>\n\t\t\t\t\n<style>\n#col-2041463266 > .col-inner {\n  padding: 0px 0px 0px 0px;\n  margin: 40px 0px 40px 0px;\n}\n<\/style>\n\t<\/div>\n\n\t\n\n<style>\n#row-1709252502 > .col > .col-inner {\n  padding: 100px 0px 0px 0px;\n}\n<\/style>\n<\/div>\n\t\t<\/div>\n\n\t\t\n<style>\n#section_305802795 {\n  padding-top: 0px;\n  padding-bottom: 0px;\n  background-color: rgb(0,0,0);\n}\n#section_305802795 .section-bg-overlay {\n  background-color: rgba(0, 0, 0, 0.715);\n}\n#section_305802795 .section-bg img {\n  object-position: 45% 52%;\n}\n<\/style>\n\t<\/section>\n\t\n<p>&nbsp;<\/p>\n\n\t<section class=\"section\" id=\"section_557333640\">\n\t\t<div class=\"section-bg fill\" >\n\t\t\t\t\t\t\t\t\t\n\t\t\t\n\n\t\t<\/div>\n\n\t\t\n\n\t\t<div class=\"section-content relative\">\n\t\t\t\n<div class=\"row\"  id=\"row-1897287151\">\n\n\t<div id=\"col-1590380087\" class=\"col small-12 large-12\"  >\n\t\t\t\t<div class=\"col-inner\"  >\n\t\t\t\n\t\t\t\n<p>&nbsp;<\/p>\n<h2 data-start=\"112\" data-end=\"142\"><\/h2>\n<p style=\"text-align: center;\" data-start=\"144\" data-end=\"332\">Fort Barycz to wyj\u0105tkowe miejsce, w kt\u00f3rym historia spotyka si\u0119 z natur\u0105.<br \/>\n<br data-start=\"217\" data-end=\"220\" \/>W tej przestrzeni organizujemy warsztaty dla dzieci, m\u0142odzie\u017cy i doros\u0142ych \u2013 edukacyjne, kreatywne i terenowe.<\/p>\n<p style=\"text-align: center;\" data-start=\"334\" data-end=\"429\">Zaj\u0119cia odbywaj\u0105 si\u0119 w kameralnych grupach i \u0142\u0105cz\u0105 nauk\u0119 z dobr\u0105 zabaw\u0105 na \u015bwie\u017cym powietrzu.<\/p>\n<hr data-start=\"431\" data-end=\"434\" \/>\n<h3 data-start=\"436\" data-end=\"461\">Tematyka warsztat\u00f3w<\/h3>\n<p data-start=\"463\" data-end=\"623\">\ud83d\udd39 <strong data-start=\"466\" data-end=\"495\">Edukacyjne i przyrodnicze<\/strong><br data-start=\"495\" data-end=\"498\" \/>Poznajemy przyrod\u0119 wok\u00f3\u0142 fortu, uczymy si\u0119 rozpoznawa\u0107 gatunki ro\u015blin i zwierz\u0105t, budujemy budki l\u0119gowe i domki dla owad\u00f3w.<\/p>\n<p data-start=\"625\" data-end=\"798\">\ud83d\udd39 <strong data-start=\"628\" data-end=\"655\">Kreatywne i artystyczne<\/strong><br data-start=\"655\" data-end=\"658\" \/>Tworzymy myde\u0142ka, \u015bwiece, dzie\u0142a artystyczne, miniaturowe fortyfikacje, a tak\u017ce malujemy i projektujemy \u2013 rozwijaj\u0105c wyobra\u017ani\u0119 i zdolno\u015bci manualne.<\/p>\n<p data-start=\"800\" data-end=\"958\">\ud83d\udd39 <strong data-start=\"803\" data-end=\"829\">Terenowe i survivalowe<\/strong><br data-start=\"829\" data-end=\"832\" \/>Podstawy nawigacji, pierwszej pomocy, gry terenowe, wystrzeliwanie rakiet i proste techniki survivalu \u2013 zaj\u0119cia pe\u0142ne ruchu, wsp\u00f3\u0142pracy i przygody.<\/p>\n<p data-start=\"960\" data-end=\"1134\">\ud83d\udd39 <strong data-start=\"963\" data-end=\"990\">Warsztaty dla doros\u0142ych<\/strong><br data-start=\"990\" data-end=\"993\" \/>Szkolenia z orientacji w terenie, sportowe i integracyjne \u2013 idealne dla grup zorganizowanych i mi\u0142o\u015bnik\u00f3w aktywnego wypoczynku.<\/p>\n<p data-start=\"1136\" data-end=\"1251\">\ud83d\udd39 <strong data-start=\"1139\" data-end=\"1158\">Tradycja i smak<\/strong><br data-start=\"1158\" data-end=\"1161\" \/>Warsztaty z pieczenia podp\u0142omyk\u00f3w \u2013 prosty spos\u00f3b na wsp\u00f3lne sp\u0119dzenie czasu przy ogniu.<\/p>\n<hr data-start=\"1253\" data-end=\"1256\" \/>\n<h3 data-start=\"1258\" data-end=\"1279\">Dlaczego warto?<\/h3>\n<p data-start=\"1280\" data-end=\"1482\">\u2705 Kameralne grupy i indywidualne podej\u015bcie<br data-start=\"1322\" data-end=\"1325\" \/>\u2705 Zaj\u0119cia prowadzone w zabytkowej przestrzeni<br data-start=\"1370\" data-end=\"1373\" \/>\u2705 Nauka przez do\u015bwiadczenie i zabaw\u0119<br data-start=\"1409\" data-end=\"1412\" \/>\u2705 Mo\u017cliwo\u015b\u0107 po\u0142\u0105czenia warsztat\u00f3w z ogniskiem lub spacerem po forcie<\/p>\n<hr data-start=\"1484\" data-end=\"1487\" \/>\n<h3 data-start=\"1489\" data-end=\"1515\">Rezerwacje i kontakt<\/h3>\n<p data-start=\"1516\" data-end=\"1576\">\ud83d\udcde +48 510 215 496<br data-start=\"1534\" data-end=\"1537\" \/>\ud83d\udce7 <a class=\"decorated-link cursor-pointer\" rel=\"noopener\" data-start=\"1540\" data-end=\"1574\">adventure.stowarzyszenie@gmail.com<\/a><\/p>\n<hr data-start=\"1578\" data-end=\"1581\" \/>\n<h3 data-start=\"1583\" data-end=\"1649\">Fort Barycz \u2013 miejsce z histori\u0105 i przestrzeni\u0105 do dzia\u0142ania<\/h3>\n<p data-start=\"1650\" data-end=\"1767\">Zapraszamy do udzia\u0142u w warsztatach, kt\u00f3re \u0142\u0105cz\u0105 nauk\u0119, przyrod\u0119 i przygod\u0119 \u2013 w wyj\u0105tkowym otoczeniu dawnego fortu.<\/p>\n<p data-start=\"1650\" data-end=\"1767\">\n<p data-start=\"1650\" data-end=\"1767\">\n<p><img loading=\"lazy\" decoding=\"async\" class=\"size-medium wp-image-4542 aligncenter\" src=\"https:\/\/fortbarycz.pl\/wp-content\/uploads\/2025\/11\/IMG_6073-241x300.jpeg\" alt=\"\" width=\"241\" height=\"300\" data-wp-editing=\"1\" srcset=\"https:\/\/stowarzyszenieadventure.pl\/fortbarycz\/wp-content\/uploads\/2025\/11\/IMG_6073-241x300.jpeg 241w, https:\/\/stowarzyszenieadventure.pl\/fortbarycz\/wp-content\/uploads\/2025\/11\/IMG_6073-824x1024.jpeg 824w, https:\/\/stowarzyszenieadventure.pl\/fortbarycz\/wp-content\/uploads\/2025\/11\/IMG_6073-768x954.jpeg 768w, https:\/\/stowarzyszenieadventure.pl\/fortbarycz\/wp-content\/uploads\/2025\/11\/IMG_6073.jpeg 1170w\" sizes=\"auto, (max-width: 241px) 100vw, 241px\" \/> <img loading=\"lazy\" decoding=\"async\" class=\"alignnone size-medium wp-image-4541\" src=\"https:\/\/fortbarycz.pl\/wp-content\/uploads\/2025\/11\/IMG_6071-300x209.jpeg\" alt=\"\" width=\"300\" height=\"209\" srcset=\"https:\/\/stowarzyszenieadventure.pl\/fortbarycz\/wp-content\/uploads\/2025\/11\/IMG_6071-300x209.jpeg 300w, https:\/\/stowarzyszenieadventure.pl\/fortbarycz\/wp-content\/uploads\/2025\/11\/IMG_6071-768x534.jpeg 768w, https:\/\/stowarzyszenieadventure.pl\/fortbarycz\/wp-content\/uploads\/2025\/11\/IMG_6071.jpeg 915w\" sizes=\"auto, (max-width: 300px) 100vw, 300px\" \/><\/p>\n<p><img loading=\"lazy\" decoding=\"async\" class=\"size-medium wp-image-4543 alignright\" src=\"https:\/\/fortbarycz.pl\/wp-content\/uploads\/2025\/11\/IMG_6081-300x239.jpeg\" alt=\"\" width=\"300\" height=\"239\" srcset=\"https:\/\/stowarzyszenieadventure.pl\/fortbarycz\/wp-content\/uploads\/2025\/11\/IMG_6081-300x239.jpeg 300w, https:\/\/stowarzyszenieadventure.pl\/fortbarycz\/wp-content\/uploads\/2025\/11\/IMG_6081-1024x815.jpeg 1024w, https:\/\/stowarzyszenieadventure.pl\/fortbarycz\/wp-content\/uploads\/2025\/11\/IMG_6081-768x611.jpeg 768w, https:\/\/stowarzyszenieadventure.pl\/fortbarycz\/wp-content\/uploads\/2025\/11\/IMG_6081.jpeg 1170w\" sizes=\"auto, (max-width: 300px) 100vw, 300px\" \/><img loading=\"lazy\" decoding=\"async\" class=\"size-medium wp-image-4544 aligncenter\" src=\"https:\/\/fortbarycz.pl\/wp-content\/uploads\/2025\/11\/IMG_6078-300x212.jpeg\" alt=\"\" width=\"300\" height=\"212\" srcset=\"https:\/\/stowarzyszenieadventure.pl\/fortbarycz\/wp-content\/uploads\/2025\/11\/IMG_6078-300x212.jpeg 300w, https:\/\/stowarzyszenieadventure.pl\/fortbarycz\/wp-content\/uploads\/2025\/11\/IMG_6078-1024x722.jpeg 1024w, https:\/\/stowarzyszenieadventure.pl\/fortbarycz\/wp-content\/uploads\/2025\/11\/IMG_6078-768x542.jpeg 768w, https:\/\/stowarzyszenieadventure.pl\/fortbarycz\/wp-content\/uploads\/2025\/11\/IMG_6078.jpeg 1170w\" sizes=\"auto, (max-width: 300px) 100vw, 300px\" \/><\/p>\n<p>&nbsp;<\/p>\n<p>&nbsp;<\/p>\n\t\t<\/div>\n\t\t\t\t\t<\/div>\n\n\t\n<\/div>\n\t\t<\/div>\n\n\t\t\n<style>\n#section_557333640 {\n  padding-top: 30px;\n  padding-bottom: 30px;\n}\n<\/style>\n\t<\/section>\n\t\n","protected":false},"excerpt":{"rendered":"<p>&nbsp;<\/p>\n","protected":false},"author":1,"featured_media":0,"parent":0,"menu_order":0,"comment_status":"closed","ping_status":"closed","template":"page-transparent-header.php","meta":{"_price":"","_stock":"","_tribe_ticket_header":"","_tribe_default_ticket_provider":"TEC\\Tickets\\Commerce\\Module","_tribe_ticket_capacity":"0","_ticket_start_date":"","_ticket_end_date":"","_tribe_ticket_show_description":"","_tribe_ticket_show_not_going":false,"_tribe_ticket_use_global_stock":"","_tribe_ticket_global_stock_level":"","_global_stock_mode":"","_global_stock_cap":"","_tribe_rsvp_for_event":"","_tribe_ticket_going_count":"","_tribe_ticket_not_going_count":"","_tribe_tickets_list":"[]","_tribe_ticket_has_attendee_info_fields":false,"footnotes":"","_tec_slr_enabled":"","_tec_slr_layout":""},"class_list":["post-4108","page","type-page","status-publish","hentry"],"ticketed":false,"_links":{"self":[{"href":"https:\/\/stowarzyszenieadventure.pl\/fortbarycz\/wp-json\/wp\/v2\/pages\/4108","targetHints":{"allow":["GET"]}}],"collection":[{"href":"https:\/\/stowarzyszenieadventure.pl\/fortbarycz\/wp-json\/wp\/v2\/pages"}],"about":[{"href":"https:\/\/stowarzyszenieadventure.pl\/fortbarycz\/wp-json\/wp\/v2\/types\/page"}],"author":[{"embeddable":true,"href":"https:\/\/stowarzyszenieadventure.pl\/fortbarycz\/wp-json\/wp\/v2\/users\/1"}],"replies":[{"embeddable":true,"href":"https:\/\/stowarzyszenieadventure.pl\/fortbarycz\/wp-json\/wp\/v2\/comments?post=4108"}],"version-history":[{"count":5,"href":"https:\/\/stowarzyszenieadventure.pl\/fortbarycz\/wp-json\/wp\/v2\/pages\/4108\/revisions"}],"predecessor-version":[{"id":4565,"href":"https:\/\/stowarzyszenieadventure.pl\/fortbarycz\/wp-json\/wp\/v2\/pages\/4108\/revisions\/4565"}],"wp:attachment":[{"href":"https:\/\/stowarzyszenieadventure.pl\/fortbarycz\/wp-json\/wp\/v2\/media?parent=4108"}],"curies":[{"name":"wp","href":"https:\/\/api.w.org\/{rel}","templated":true}]}}