{"id":4114,"date":"2025-07-25T13:09:48","date_gmt":"2025-07-25T11:09:48","guid":{"rendered":"https:\/\/fortbarycz.pl\/?page_id=4114"},"modified":"2025-11-03T13:55:32","modified_gmt":"2025-11-03T12:55:32","slug":"ognisko","status":"publish","type":"page","link":"https:\/\/stowarzyszenieadventure.pl\/fortbarycz\/ognisko\/","title":{"rendered":"Ognisko"},"content":{"rendered":"\n\t<section class=\"section\" id=\"section_1211874920\">\n\t\t<div class=\"section-bg fill\" >\n\t\t\t<img loading=\"lazy\" decoding=\"async\" width=\"1145\" height=\"488\" src=\"https:\/\/stowarzyszenieadventure.pl\/fortbarycz\/wp-content\/uploads\/2024\/09\/olszanica.jpg\" class=\"bg attachment- size-\" alt=\"Fort olszanica\" \/>\t\t\t\t\t\t<div class=\"section-bg-overlay absolute fill\"><\/div>\n\t\t\t\n\n\t\t<\/div>\n\n\t\t\n\n\t\t<div class=\"section-content relative\">\n\t\t\t\n<div class=\"row row-small\"  id=\"row-1980127024\">\n\n\t<div id=\"col-609501443\" class=\"col small-12 large-12\"  >\n\t\t\t\t<div class=\"col-inner text-shadow-5\"  data-parallax-fade=\"true\" data-parallax=\"2\">\n\t\t\t\n\t\t\t\n\t<div id=\"text-1853220227\" class=\"text\">\n\t\t\n<h1><span style=\"color: #fff;\">Ognisko<\/span><\/h1>\n\t\t\n<style>\n#text-1853220227 {\n  font-size: 2.02rem;\n  line-height: 1.8;\n  text-align: center;\n  color: rgb(255,255,255);\n}\n#text-1853220227 > * {\n  color: rgb(255,255,255);\n}\n@media (min-width:550px) {\n  #text-1853220227 {\n    text-align: center;\n  }\n}\n<\/style>\n\t<\/div>\n\t\n\t\t<\/div>\n\t\t\t\t\n<style>\n#col-609501443 > .col-inner {\n  padding: 0px 0px 0px 0px;\n  margin: 40px 0px 40px 0px;\n}\n<\/style>\n\t<\/div>\n\n\t\n\n<style>\n#row-1980127024 > .col > .col-inner {\n  padding: 100px 0px 0px 0px;\n}\n<\/style>\n<\/div>\n\t\t<\/div>\n\n\t\t\n<style>\n#section_1211874920 {\n  padding-top: 0px;\n  padding-bottom: 0px;\n  background-color: rgb(0,0,0);\n}\n#section_1211874920 .section-bg-overlay {\n  background-color: rgba(0, 0, 0, 0.715);\n}\n#section_1211874920 .section-bg img {\n  object-position: 45% 52%;\n}\n<\/style>\n\t<\/section>\n\t\n\n\t<section class=\"section\" id=\"section_1088633926\">\n\t\t<div class=\"section-bg fill\" >\n\t\t\t\t\t\t\t\t\t\n\t\t\t\n\n\t\t<\/div>\n\n\t\t\n\n\t\t<div class=\"section-content relative\">\n\t\t\t\n<div class=\"row\"  id=\"row-1960570760\">\n\n\t<div id=\"col-1079385601\" class=\"col small-12 large-12\"  >\n\t\t\t\t<div class=\"col-inner\"  >\n\t\t\t\n\t\t\t\n<p>&nbsp;<\/p>\n<h2 data-start=\"233\" data-end=\"289\">Fort Barycz to tak\u017ce miejsce na spokojny odpoczynek<\/h2>\n<p data-start=\"291\" data-end=\"383\">Oferujemy przestrze\u0144 do organizacji <strong data-start=\"327\" data-end=\"381\">ognisk \u2014 dla rodzin, szk\u00f3\u0142 i grup zorganizowanych.<\/strong><\/p>\n<p data-start=\"385\" data-end=\"471\">To dobry spos\u00f3b na sp\u0119dzenie czasu na \u015bwie\u017cym powietrzu w niepowtarzalnym otoczeniu.<\/p>\n<hr data-start=\"473\" data-end=\"476\" \/>\n<h3 data-start=\"478\" data-end=\"542\">Oferta wynajmu miejsca na ognisko w Krakowie \u2013 Fort Barycz<\/h3>\n<p data-start=\"544\" data-end=\"681\">Zapraszamy do skorzystania z wyj\u0105tkowej oferty wynajmu miejsca na ognisko w malowniczym miejscu, jakim jest <strong data-start=\"652\" data-end=\"679\">Fort Barycz w Krakowie.<\/strong><\/p>\n<p data-start=\"683\" data-end=\"779\">To idealne miejsce na niezapomniane chwile na \u015bwie\u017cym powietrzu, z dala od miejskiego zgie\u0142ku.<\/p>\n<hr data-start=\"781\" data-end=\"784\" \/>\n<h3 data-start=\"786\" data-end=\"815\">Atrakcje i udogodnienia<\/h3>\n<ol data-start=\"817\" data-end=\"1557\">\n<li data-start=\"817\" data-end=\"951\">\n<p data-start=\"820\" data-end=\"951\"><strong data-start=\"820\" data-end=\"842\">Miejsce na ognisko<\/strong><br data-start=\"842\" data-end=\"845\" \/>Przygotowane z my\u015bl\u0105 o mi\u0142o\u015bnikach natury i przyg\u00f3d. Doskona\u0142e na spotkania z rodzin\u0105 i przyjaci\u00f3\u0142mi.<\/p>\n<\/li>\n<li data-start=\"953\" data-end=\"1115\">\n<p data-start=\"956\" data-end=\"1115\"><strong data-start=\"956\" data-end=\"969\">Akcesoria<\/strong><br data-start=\"969\" data-end=\"972\" \/>Zapewniamy kije do pieczenia kie\u0142basek i szeroki wyb\u00f3r innych, przydatnych akcesori\u00f3w pomocnych do przyrz\u0105dzania przysmak\u00f3w nad ogniskiem.<\/p>\n<\/li>\n<li data-start=\"1117\" data-end=\"1222\">\n<p data-start=\"1120\" data-end=\"1222\"><strong data-start=\"1120\" data-end=\"1130\">Le\u017caki<\/strong><br data-start=\"1130\" data-end=\"1133\" \/>Komfortowe le\u017caki do wypoczynku, aby cieszy\u0107 si\u0119 przyrod\u0105 i relaksem po\u015br\u00f3d zieleni.<\/p>\n<\/li>\n<li data-start=\"1224\" data-end=\"1397\">\n<p data-start=\"1227\" data-end=\"1397\"><strong data-start=\"1227\" data-end=\"1252\">Koce, materace, hamak<\/strong><br data-start=\"1252\" data-end=\"1255\" \/>Na miejscu dost\u0119pne b\u0119d\u0105 r\u00f3\u017cne mo\u017cliwo\u015bci odpoczynku, w tym\u2026 horyzontalnego \ud83d\ude42 \u2013 aby zapewni\u0107 wielowymiarow\u0105 wygod\u0119 podczas pobytu u nas.<\/p>\n<\/li>\n<li data-start=\"1399\" data-end=\"1467\">\n<p data-start=\"1402\" data-end=\"1467\"><strong data-start=\"1402\" data-end=\"1413\">Toaleta<\/strong><br data-start=\"1413\" data-end=\"1416\" \/>Wygodna toaleta znajduje si\u0119 wewn\u0105trz budynku.<\/p>\n<\/li>\n<li data-start=\"1469\" data-end=\"1557\">\n<p data-start=\"1472\" data-end=\"1557\"><strong data-start=\"1472\" data-end=\"1483\">Parking<\/strong><br data-start=\"1483\" data-end=\"1486\" \/>Bezpieczny parking, umo\u017cliwiaj\u0105cy \u0142atwy dost\u0119p do miejsca wynajmu.<\/p>\n<\/li>\n<\/ol>\n<hr data-start=\"1559\" data-end=\"1562\" \/>\n<h3 data-start=\"1564\" data-end=\"1590\">Rezerwacje i kontakt<\/h3>\n<p data-start=\"1592\" data-end=\"1682\">Aby zarezerwowa\u0107 miejsce na ognisko lub uzyska\u0107 dodatkowe informacje, prosimy o kontakt:<\/p>\n<p data-start=\"1684\" data-end=\"1768\">\ud83d\udcde <strong data-start=\"1687\" data-end=\"1699\">Telefon:<\/strong> +48 510 215 496<br data-start=\"1715\" data-end=\"1718\" \/>\ud83d\udce7 <strong data-start=\"1721\" data-end=\"1731\">Email:<\/strong> <a class=\"decorated-link cursor-pointer\" rel=\"noopener\" data-start=\"1732\" data-end=\"1766\">adventure.stowarzyszenie@gmail.com<\/a><\/p>\n<hr data-start=\"1770\" data-end=\"1773\" \/>\n<h3 data-start=\"1775\" data-end=\"1802\">Dlaczego Fort Barycz?<\/h3>\n<p data-start=\"1804\" data-end=\"2035\">Fort Barycz to wyj\u0105tkowe miejsce w Krakowie, kt\u00f3re \u0142\u0105czy histori\u0119 z urokliwym otoczeniem natury.<br data-start=\"1900\" data-end=\"1903\" \/>Wybieraj\u0105c nasz\u0105 ofert\u0119, zyskujesz nie tylko przestrze\u0144 do relaksu, ale tak\u017ce mo\u017cliwo\u015b\u0107 odkrywania pi\u0119kna krakowskich krajobraz\u00f3w.<\/p>\n<p data-start=\"2037\" data-end=\"2255\">Zapraszamy do sp\u0119dzenia niezapomnianego czasu na naszym terenie, gdzie chwile sp\u0119dzone przy ognisku nabior\u0105 szczeg\u00f3lnego klimatu.<br data-start=\"2166\" data-end=\"2169\" \/>Zach\u0119camy do nawi\u0105zania rezerwacji i przekonania si\u0119 osobi\u015bcie o magii tego miejsca.<\/p>\n<p>&nbsp;<\/p>\n<p>&nbsp;<\/p>\n<p><img loading=\"lazy\" decoding=\"async\" class=\"size-medium wp-image-4548 aligncenter\" src=\"https:\/\/fortbarycz.pl\/wp-content\/uploads\/2025\/11\/IMG_6086-234x300.jpeg\" alt=\"\" width=\"234\" height=\"300\" srcset=\"https:\/\/stowarzyszenieadventure.pl\/fortbarycz\/wp-content\/uploads\/2025\/11\/IMG_6086-234x300.jpeg 234w, https:\/\/stowarzyszenieadventure.pl\/fortbarycz\/wp-content\/uploads\/2025\/11\/IMG_6086-800x1024.jpeg 800w, https:\/\/stowarzyszenieadventure.pl\/fortbarycz\/wp-content\/uploads\/2025\/11\/IMG_6086-768x983.jpeg 768w, https:\/\/stowarzyszenieadventure.pl\/fortbarycz\/wp-content\/uploads\/2025\/11\/IMG_6086.jpeg 1170w\" sizes=\"auto, (max-width: 234px) 100vw, 234px\" \/> <img loading=\"lazy\" decoding=\"async\" class=\"alignnone size-medium wp-image-4550\" src=\"https:\/\/fortbarycz.pl\/wp-content\/uploads\/2025\/11\/IMG_6083-300x293.jpeg\" alt=\"\" width=\"300\" height=\"293\" srcset=\"https:\/\/stowarzyszenieadventure.pl\/fortbarycz\/wp-content\/uploads\/2025\/11\/IMG_6083-300x293.jpeg 300w, https:\/\/stowarzyszenieadventure.pl\/fortbarycz\/wp-content\/uploads\/2025\/11\/IMG_6083-1024x1000.jpeg 1024w, https:\/\/stowarzyszenieadventure.pl\/fortbarycz\/wp-content\/uploads\/2025\/11\/IMG_6083-768x750.jpeg 768w, https:\/\/stowarzyszenieadventure.pl\/fortbarycz\/wp-content\/uploads\/2025\/11\/IMG_6083.jpeg 1170w\" sizes=\"auto, (max-width: 300px) 100vw, 300px\" \/> <img loading=\"lazy\" decoding=\"async\" class=\"size-medium wp-image-4549 aligncenter\" src=\"https:\/\/fortbarycz.pl\/wp-content\/uploads\/2025\/11\/IMG_6087-1-225x300.jpeg\" alt=\"\" width=\"225\" height=\"300\" srcset=\"https:\/\/stowarzyszenieadventure.pl\/fortbarycz\/wp-content\/uploads\/2025\/11\/IMG_6087-1-225x300.jpeg 225w, https:\/\/stowarzyszenieadventure.pl\/fortbarycz\/wp-content\/uploads\/2025\/11\/IMG_6087-1-767x1024.jpeg 767w, https:\/\/stowarzyszenieadventure.pl\/fortbarycz\/wp-content\/uploads\/2025\/11\/IMG_6087-1-768x1025.jpeg 768w, https:\/\/stowarzyszenieadventure.pl\/fortbarycz\/wp-content\/uploads\/2025\/11\/IMG_6087-1.jpeg 942w\" sizes=\"auto, (max-width: 225px) 100vw, 225px\" \/> <img loading=\"lazy\" decoding=\"async\" class=\"size-medium wp-image-4553 alignright\" src=\"https:\/\/fortbarycz.pl\/wp-content\/uploads\/2025\/11\/IMG_6079-300x195.jpeg\" alt=\"\" width=\"300\" height=\"195\" srcset=\"https:\/\/stowarzyszenieadventure.pl\/fortbarycz\/wp-content\/uploads\/2025\/11\/IMG_6079-300x195.jpeg 300w, https:\/\/stowarzyszenieadventure.pl\/fortbarycz\/wp-content\/uploads\/2025\/11\/IMG_6079-1024x665.jpeg 1024w, https:\/\/stowarzyszenieadventure.pl\/fortbarycz\/wp-content\/uploads\/2025\/11\/IMG_6079-768x499.jpeg 768w, https:\/\/stowarzyszenieadventure.pl\/fortbarycz\/wp-content\/uploads\/2025\/11\/IMG_6079.jpeg 1170w\" sizes=\"auto, (max-width: 300px) 100vw, 300px\" \/><\/p>\n\t\t<\/div>\n\t\t\t\t\t<\/div>\n\n\t\n<\/div>\n\t\t<\/div>\n\n\t\t\n<style>\n#section_1088633926 {\n  padding-top: 30px;\n  padding-bottom: 30px;\n}\n<\/style>\n\t<\/section>\n\t\n","protected":false},"excerpt":{"rendered":"","protected":false},"author":1,"featured_media":0,"parent":0,"menu_order":0,"comment_status":"closed","ping_status":"closed","template":"page-transparent-header.php","meta":{"_price":"","_stock":"","_tribe_ticket_header":"","_tribe_default_ticket_provider":"TEC\\Tickets\\Commerce\\Module","_tribe_ticket_capacity":"0","_ticket_start_date":"","_ticket_end_date":"","_tribe_ticket_show_description":"","_tribe_ticket_show_not_going":false,"_tribe_ticket_use_global_stock":"","_tribe_ticket_global_stock_level":"","_global_stock_mode":"","_global_stock_cap":"","_tribe_rsvp_for_event":"","_tribe_ticket_going_count":"","_tribe_ticket_not_going_count":"","_tribe_tickets_list":"[]","_tribe_ticket_has_attendee_info_fields":false,"footnotes":"","_tec_slr_enabled":"","_tec_slr_layout":""},"class_list":["post-4114","page","type-page","status-publish","hentry"],"ticketed":false,"_links":{"self":[{"href":"https:\/\/stowarzyszenieadventure.pl\/fortbarycz\/wp-json\/wp\/v2\/pages\/4114","targetHints":{"allow":["GET"]}}],"collection":[{"href":"https:\/\/stowarzyszenieadventure.pl\/fortbarycz\/wp-json\/wp\/v2\/pages"}],"about":[{"href":"https:\/\/stowarzyszenieadventure.pl\/fortbarycz\/wp-json\/wp\/v2\/types\/page"}],"author":[{"embeddable":true,"href":"https:\/\/stowarzyszenieadventure.pl\/fortbarycz\/wp-json\/wp\/v2\/users\/1"}],"replies":[{"embeddable":true,"href":"https:\/\/stowarzyszenieadventure.pl\/fortbarycz\/wp-json\/wp\/v2\/comments?post=4114"}],"version-history":[{"count":11,"href":"https:\/\/stowarzyszenieadventure.pl\/fortbarycz\/wp-json\/wp\/v2\/pages\/4114\/revisions"}],"predecessor-version":[{"id":4566,"href":"https:\/\/stowarzyszenieadventure.pl\/fortbarycz\/wp-json\/wp\/v2\/pages\/4114\/revisions\/4566"}],"wp:attachment":[{"href":"https:\/\/stowarzyszenieadventure.pl\/fortbarycz\/wp-json\/wp\/v2\/media?parent=4114"}],"curies":[{"name":"wp","href":"https:\/\/api.w.org\/{rel}","templated":true}]}}