{"id":518,"date":"2024-06-13T13:07:34","date_gmt":"2024-06-13T11:07:34","guid":{"rendered":"https:\/\/fortbarycz.pl\/?page_id=518"},"modified":"2025-03-12T09:18:39","modified_gmt":"2025-03-12T08:18:39","slug":"blog","status":"publish","type":"page","link":"https:\/\/stowarzyszenieadventure.pl\/fortbarycz\/blog\/","title":{"rendered":"Blog"},"content":{"rendered":"\n\t<section class=\"section\" id=\"section_1928590761\">\n\t\t<div class=\"section-bg fill\" >\n\t\t\t<img loading=\"lazy\" decoding=\"async\" width=\"2048\" height=\"1361\" src=\"https:\/\/stowarzyszenieadventure.pl\/fortbarycz\/wp-content\/uploads\/2025\/03\/fort-barycz8.jpg\" class=\"bg attachment- size-\" alt=\"\" \/>\t\t\t\t\t\t<div class=\"section-bg-overlay absolute fill\"><\/div>\n\t\t\t\n\n\t\t<\/div>\n\n\t\t\n\n\t\t<div class=\"section-content relative\">\n\t\t\t\n<div class=\"row row-small\"  id=\"row-1066867789\">\n\n\t<div id=\"col-108424642\" class=\"col small-12 large-12\"  >\n\t\t\t\t<div class=\"col-inner text-shadow-5\"  data-parallax-fade=\"true\" data-parallax=\"2\">\n\t\t\t\n\t\t\t\n\t<div id=\"text-782310444\" class=\"text\">\n\t\t\n<h1>Blog<\/h1>\n\t\t\n<style>\n#text-782310444 {\n  font-size: 2.02rem;\n  line-height: 1.8;\n  text-align: center;\n  color: rgb(255,255,255);\n}\n#text-782310444 > * {\n  color: rgb(255,255,255);\n}\n<\/style>\n\t<\/div>\n\t\n\t\t<\/div>\n\t\t\t\t\n<style>\n#col-108424642 > .col-inner {\n  padding: 0px 0px 0px 0px;\n  margin: 40px 0px 40px 0px;\n}\n<\/style>\n\t<\/div>\n\n\t\n\n<style>\n#row-1066867789 > .col > .col-inner {\n  padding: 100px 0px 0px 0px;\n}\n<\/style>\n<\/div>\n\t\t<\/div>\n\n\t\t\n<style>\n#section_1928590761 {\n  padding-top: 0px;\n  padding-bottom: 0px;\n  background-color: rgb(0,0,0);\n}\n#section_1928590761 .section-bg-overlay {\n  background-color: rgba(0, 0, 0, 0.715);\n}\n#section_1928590761 .section-bg img {\n  object-position: 42% 71%;\n}\n<\/style>\n\t<\/section>\n\t\n\n\t<section class=\"section\" id=\"section_2131660981\">\n\t\t<div class=\"section-bg fill\" >\n\t\t\t\t\t\t\t\t\t\n\t\t\t\n\n\t\t<\/div>\n\n\t\t\n\n\t\t<div class=\"section-content relative\">\n\t\t\t\n<div class=\"row\"  id=\"row-219982922\">\n\n\t<div id=\"col-285934341\" class=\"col small-12 large-12\"  >\n\t\t\t\t<div class=\"col-inner\"  >\n\t\t\t\n\t\t\t\n\n  \n    <div class=\"row large-columns-3 medium-columns-1 small-columns-1\" >\n  <div class=\"col post-item\" >\n\t\t\t<div class=\"col-inner\">\n\t\t\t\t<div class=\"box box-normal box-text-bottom box-blog-post has-hover\">\n            \t\t\t\t\t<div class=\"box-image\" >\n  \t\t\t\t\t\t<div class=\"image-cover\" style=\"padding-top:56.25%;\">\n\t\t\t\t\t\t\t<a href=\"https:\/\/stowarzyszenieadventure.pl\/fortbarycz\/wspolnie-dla-dziedzictwa-2025\/\" class=\"plain\" aria-label=\"Wsp\u00f3lnie dla Dziedzictwa 2025\">\n\t\t\t\t\t\t\t\t<img loading=\"lazy\" decoding=\"async\" width=\"212\" height=\"300\" src=\"https:\/\/stowarzyszenieadventure.pl\/fortbarycz\/wp-content\/uploads\/2025\/10\/Plakat_A2_1-1-_1_-2-212x300.jpg\" class=\"attachment-medium size-medium wp-post-image\" alt=\"\" srcset=\"https:\/\/stowarzyszenieadventure.pl\/fortbarycz\/wp-content\/uploads\/2025\/10\/Plakat_A2_1-1-_1_-2-212x300.jpg 212w, https:\/\/stowarzyszenieadventure.pl\/fortbarycz\/wp-content\/uploads\/2025\/10\/Plakat_A2_1-1-_1_-2-724x1024.jpg 724w, https:\/\/stowarzyszenieadventure.pl\/fortbarycz\/wp-content\/uploads\/2025\/10\/Plakat_A2_1-1-_1_-2-768x1086.jpg 768w, https:\/\/stowarzyszenieadventure.pl\/fortbarycz\/wp-content\/uploads\/2025\/10\/Plakat_A2_1-1-_1_-2-1086x1536.jpg 1086w, https:\/\/stowarzyszenieadventure.pl\/fortbarycz\/wp-content\/uploads\/2025\/10\/Plakat_A2_1-1-_1_-2-1448x2048.jpg 1448w, https:\/\/stowarzyszenieadventure.pl\/fortbarycz\/wp-content\/uploads\/2025\/10\/Plakat_A2_1-1-_1_-2-scaled.jpg 1810w\" sizes=\"auto, (max-width: 212px) 100vw, 212px\" \/>\t\t\t\t\t\t\t<\/a>\n  \t\t\t\t\t\t\t  \t\t\t\t\t\t\t  \t\t\t\t\t\t<\/div>\n  \t\t\t\t\t\t  \t\t\t\t\t<\/div>\n          \t\t\t\t\t<div class=\"box-text text-center\" >\n\t\t\t\t\t<div class=\"box-text-inner blog-post-inner\">\n\n\t\t\t\t\t\n\t\t\t\t\t\t\t\t\t\t<h5 class=\"post-title is-large \">\n\t\t\t\t\t\t<a href=\"https:\/\/stowarzyszenieadventure.pl\/fortbarycz\/wspolnie-dla-dziedzictwa-2025\/\" class=\"plain\">Wsp\u00f3lnie dla Dziedzictwa 2025<\/a>\n\t\t\t\t\t<\/h5>\n\t\t\t\t\t<div class=\"post-meta is-small op-8\">12\/10\/2025<\/div>\t\t\t\t\t<div class=\"is-divider\"><\/div>\n\t\t\t\t\t\t\t\t\t\t<p class=\"from_the_blog_excerpt \">\n\t\t\t\t\t\tTwierdza Krak\u00f3w \u2013 Porz\u0105dkowanie, Edukacja i Ochrona Dziedzictwa Na Forcie 50 1\/2 Barycz ruszaj\u0105 dzia\u0142ania...\t\t\t\t\t<\/p>\n\t\t\t\t\t                    \n\t\t\t\t\t\n\t\t\t\t\t\n\t\t\t\t\t<\/div>\n\t\t\t\t\t<\/div>\n\t\t\t\t\t\t\t\t\t<\/div>\n\t\t\t<\/div>\n\t\t<\/div><div class=\"col post-item\" >\n\t\t\t<div class=\"col-inner\">\n\t\t\t\t<div class=\"box box-normal box-text-bottom box-blog-post has-hover\">\n            \t\t\t\t\t<div class=\"box-image\" >\n  \t\t\t\t\t\t<div class=\"image-cover\" style=\"padding-top:56.25%;\">\n\t\t\t\t\t\t\t<a href=\"https:\/\/stowarzyszenieadventure.pl\/fortbarycz\/malopolska-pszczola-2025\/\" class=\"plain\" aria-label=\"\u201eMa\u0142opolska Pszczo\u0142a 2025\u201d\">\n\t\t\t\t\t\t\t\t<img loading=\"lazy\" decoding=\"async\" width=\"300\" height=\"198\" src=\"https:\/\/stowarzyszenieadventure.pl\/fortbarycz\/wp-content\/uploads\/2025\/12\/1-300x198.jpg\" class=\"attachment-medium size-medium wp-post-image\" alt=\"\" srcset=\"https:\/\/stowarzyszenieadventure.pl\/fortbarycz\/wp-content\/uploads\/2025\/12\/1-300x198.jpg 300w, https:\/\/stowarzyszenieadventure.pl\/fortbarycz\/wp-content\/uploads\/2025\/12\/1-1024x674.jpg 1024w, https:\/\/stowarzyszenieadventure.pl\/fortbarycz\/wp-content\/uploads\/2025\/12\/1-768x506.jpg 768w, https:\/\/stowarzyszenieadventure.pl\/fortbarycz\/wp-content\/uploads\/2025\/12\/1-1536x1011.jpg 1536w, https:\/\/stowarzyszenieadventure.pl\/fortbarycz\/wp-content\/uploads\/2025\/12\/1-2048x1348.jpg 2048w\" sizes=\"auto, (max-width: 300px) 100vw, 300px\" \/>\t\t\t\t\t\t\t<\/a>\n  \t\t\t\t\t\t\t  \t\t\t\t\t\t\t  \t\t\t\t\t\t<\/div>\n  \t\t\t\t\t\t  \t\t\t\t\t<\/div>\n          \t\t\t\t\t<div class=\"box-text text-center\" >\n\t\t\t\t\t<div class=\"box-text-inner blog-post-inner\">\n\n\t\t\t\t\t\n\t\t\t\t\t\t\t\t\t\t<h5 class=\"post-title is-large \">\n\t\t\t\t\t\t<a href=\"https:\/\/stowarzyszenieadventure.pl\/fortbarycz\/malopolska-pszczola-2025\/\" class=\"plain\">\u201eMa\u0142opolska Pszczo\u0142a 2025\u201d<\/a>\n\t\t\t\t\t<\/h5>\n\t\t\t\t\t<div class=\"post-meta is-small op-8\">30\/08\/2025<\/div>\t\t\t\t\t<div class=\"is-divider\"><\/div>\n\t\t\t\t\t\t\t\t\t\t<p class=\"from_the_blog_excerpt \">\n\t\t\t\t\t\tNa terenie Fortu Barycz realizowany jest projekt \u201eMa\u0142opolska Pszczo\u0142a 2025\u201d, obejmuj\u0105cy dzia\u0142ania proekologiczne oraz edukacyjne,...\t\t\t\t\t<\/p>\n\t\t\t\t\t                    \n\t\t\t\t\t\n\t\t\t\t\t\n\t\t\t\t\t<\/div>\n\t\t\t\t\t<\/div>\n\t\t\t\t\t\t\t\t\t<\/div>\n\t\t\t<\/div>\n\t\t<\/div><div class=\"col post-item\" >\n\t\t\t<div class=\"col-inner\">\n\t\t\t\t<div class=\"box box-normal box-text-bottom box-blog-post has-hover\">\n            \t\t\t\t\t<div class=\"box-image\" >\n  \t\t\t\t\t\t<div class=\"image-cover\" style=\"padding-top:56.25%;\">\n\t\t\t\t\t\t\t<a href=\"https:\/\/stowarzyszenieadventure.pl\/fortbarycz\/zapraszamy-na-wydarzenia-kulturalne-na-fort-barycz\/\" class=\"plain\" aria-label=\"Zapraszamy na wydarzenia kulturalne na Fort Barycz!\">\n\t\t\t\t\t\t\t\t<img loading=\"lazy\" decoding=\"async\" width=\"215\" height=\"300\" src=\"https:\/\/stowarzyszenieadventure.pl\/fortbarycz\/wp-content\/uploads\/2025\/04\/plakat-warsztaty-dla-dzieci-scaled-1-215x300.webp\" class=\"attachment-medium size-medium wp-post-image\" alt=\"\" srcset=\"https:\/\/stowarzyszenieadventure.pl\/fortbarycz\/wp-content\/uploads\/2025\/04\/plakat-warsztaty-dla-dzieci-scaled-1-215x300.webp 215w, https:\/\/stowarzyszenieadventure.pl\/fortbarycz\/wp-content\/uploads\/2025\/04\/plakat-warsztaty-dla-dzieci-scaled-1-734x1024.webp 734w, https:\/\/stowarzyszenieadventure.pl\/fortbarycz\/wp-content\/uploads\/2025\/04\/plakat-warsztaty-dla-dzieci-scaled-1-768x1072.webp 768w, https:\/\/stowarzyszenieadventure.pl\/fortbarycz\/wp-content\/uploads\/2025\/04\/plakat-warsztaty-dla-dzieci-scaled-1-1100x1536.webp 1100w, https:\/\/stowarzyszenieadventure.pl\/fortbarycz\/wp-content\/uploads\/2025\/04\/plakat-warsztaty-dla-dzieci-scaled-1-1467x2048.webp 1467w, https:\/\/stowarzyszenieadventure.pl\/fortbarycz\/wp-content\/uploads\/2025\/04\/plakat-warsztaty-dla-dzieci-scaled-1.webp 1834w\" sizes=\"auto, (max-width: 215px) 100vw, 215px\" \/>\t\t\t\t\t\t\t<\/a>\n  \t\t\t\t\t\t\t  \t\t\t\t\t\t\t  \t\t\t\t\t\t<\/div>\n  \t\t\t\t\t\t  \t\t\t\t\t<\/div>\n          \t\t\t\t\t<div class=\"box-text text-center\" >\n\t\t\t\t\t<div class=\"box-text-inner blog-post-inner\">\n\n\t\t\t\t\t\n\t\t\t\t\t\t\t\t\t\t<h5 class=\"post-title is-large \">\n\t\t\t\t\t\t<a href=\"https:\/\/stowarzyszenieadventure.pl\/fortbarycz\/zapraszamy-na-wydarzenia-kulturalne-na-fort-barycz\/\" class=\"plain\">Zapraszamy na wydarzenia kulturalne na Fort Barycz!<\/a>\n\t\t\t\t\t<\/h5>\n\t\t\t\t\t<div class=\"post-meta is-small op-8\">18\/03\/2025<\/div>\t\t\t\t\t<div class=\"is-divider\"><\/div>\n\t\t\t\t\t\t\t\t\t\t<p class=\"from_the_blog_excerpt \">\n\t\t\t\t\t\tZapraszamy na cykl kreatywnych warsztat\u00f3w. To wspania\u0142a okazja dla dzieci, aby rozwin\u0105\u0107 swoje umiej\u0119tno\u015bci manualne...\t\t\t\t\t<\/p>\n\t\t\t\t\t                    \n\t\t\t\t\t\n\t\t\t\t\t\n\t\t\t\t\t<\/div>\n\t\t\t\t\t<\/div>\n\t\t\t\t\t\t\t\t\t<\/div>\n\t\t\t<\/div>\n\t\t<\/div><div class=\"col post-item\" >\n\t\t\t<div class=\"col-inner\">\n\t\t\t\t<div class=\"box box-normal box-text-bottom box-blog-post has-hover\">\n            \t\t\t\t\t<div class=\"box-image\" >\n  \t\t\t\t\t\t<div class=\"image-cover\" style=\"padding-top:56.25%;\">\n\t\t\t\t\t\t\t<a href=\"https:\/\/stowarzyszenieadventure.pl\/fortbarycz\/zapraszamy-na-serie-filmow-odkrywaj-twierdze-krakow\/\" class=\"plain\" aria-label=\"Zapraszamy na seri\u0119 film\u00f3w &#8222;Odkrywaj Twierdz\u0119 Krak\u00f3w&#8221;\">\n\t\t\t\t\t\t\t\t<img loading=\"lazy\" decoding=\"async\" width=\"300\" height=\"157\" src=\"https:\/\/stowarzyszenieadventure.pl\/fortbarycz\/wp-content\/uploads\/2025\/02\/btw-300x157.jpg\" class=\"attachment-medium size-medium wp-post-image\" alt=\"Bieg Twierdzy Krak\u00f3w\" srcset=\"https:\/\/stowarzyszenieadventure.pl\/fortbarycz\/wp-content\/uploads\/2025\/02\/btw-300x157.jpg 300w, https:\/\/stowarzyszenieadventure.pl\/fortbarycz\/wp-content\/uploads\/2025\/02\/btw-1024x535.jpg 1024w, https:\/\/stowarzyszenieadventure.pl\/fortbarycz\/wp-content\/uploads\/2025\/02\/btw-768x402.jpg 768w, https:\/\/stowarzyszenieadventure.pl\/fortbarycz\/wp-content\/uploads\/2025\/02\/btw.jpg 1352w\" sizes=\"auto, (max-width: 300px) 100vw, 300px\" \/>\t\t\t\t\t\t\t<\/a>\n  \t\t\t\t\t\t\t  \t\t\t\t\t\t\t  \t\t\t\t\t\t<\/div>\n  \t\t\t\t\t\t  \t\t\t\t\t<\/div>\n          \t\t\t\t\t<div class=\"box-text text-center\" >\n\t\t\t\t\t<div class=\"box-text-inner blog-post-inner\">\n\n\t\t\t\t\t\n\t\t\t\t\t\t\t\t\t\t<h5 class=\"post-title is-large \">\n\t\t\t\t\t\t<a href=\"https:\/\/stowarzyszenieadventure.pl\/fortbarycz\/zapraszamy-na-serie-filmow-odkrywaj-twierdze-krakow\/\" class=\"plain\">Zapraszamy na seri\u0119 film\u00f3w &#8222;Odkrywaj Twierdz\u0119 Krak\u00f3w&#8221;<\/a>\n\t\t\t\t\t<\/h5>\n\t\t\t\t\t<div class=\"post-meta is-small op-8\">23\/12\/2024<\/div>\t\t\t\t\t<div class=\"is-divider\"><\/div>\n\t\t\t\t\t\t\t\t\t\t<p class=\"from_the_blog_excerpt \">\n\t\t\t\t\t\tPowsta\u0142o 20 kr\u00f3tkich odcink\u00f3w przedstawiaj\u0105cych wybrane elementy fortyfikacji zwi\u0105zanych z twierdz\u0105. Dodajcie kana\u0142 do ulubionych!!...\t\t\t\t\t<\/p>\n\t\t\t\t\t                    \n\t\t\t\t\t\n\t\t\t\t\t\n\t\t\t\t\t<\/div>\n\t\t\t\t\t<\/div>\n\t\t\t\t\t\t\t\t\t<\/div>\n\t\t\t<\/div>\n\t\t<\/div><div class=\"col post-item\" >\n\t\t\t<div class=\"col-inner\">\n\t\t\t\t<div class=\"box box-normal box-text-bottom box-blog-post has-hover\">\n            \t\t\t\t\t<div class=\"box-image\" >\n  \t\t\t\t\t\t<div class=\"image-cover\" style=\"padding-top:56.25%;\">\n\t\t\t\t\t\t\t<a href=\"https:\/\/stowarzyszenieadventure.pl\/fortbarycz\/projekt-nasadzen-drzew-miododajnych-oraz-warsztatow-edukacyjnych-malopolska-pszczola\/\" class=\"plain\" aria-label=\"Projekt nasadze\u0144 drzew miododajnych oraz warsztat\u00f3w edukacyjnych \u201eMa\u0142opolska Pszczo\u0142a\u201d\">\n\t\t\t\t\t\t\t\t<img loading=\"lazy\" decoding=\"async\" width=\"300\" height=\"225\" src=\"https:\/\/stowarzyszenieadventure.pl\/fortbarycz\/wp-content\/uploads\/2025\/02\/zdj1-1-300x225.jpg\" class=\"attachment-medium size-medium wp-post-image\" alt=\"Ma\u0142opolska PSzczo\u0142a\" srcset=\"https:\/\/stowarzyszenieadventure.pl\/fortbarycz\/wp-content\/uploads\/2025\/02\/zdj1-1-300x225.jpg 300w, https:\/\/stowarzyszenieadventure.pl\/fortbarycz\/wp-content\/uploads\/2025\/02\/zdj1-1-1024x768.jpg 1024w, https:\/\/stowarzyszenieadventure.pl\/fortbarycz\/wp-content\/uploads\/2025\/02\/zdj1-1-768x576.jpg 768w, https:\/\/stowarzyszenieadventure.pl\/fortbarycz\/wp-content\/uploads\/2025\/02\/zdj1-1-1536x1152.jpg 1536w, https:\/\/stowarzyszenieadventure.pl\/fortbarycz\/wp-content\/uploads\/2025\/02\/zdj1-1.jpg 2048w\" sizes=\"auto, (max-width: 300px) 100vw, 300px\" \/>\t\t\t\t\t\t\t<\/a>\n  \t\t\t\t\t\t\t  \t\t\t\t\t\t\t  \t\t\t\t\t\t<\/div>\n  \t\t\t\t\t\t  \t\t\t\t\t<\/div>\n          \t\t\t\t\t<div class=\"box-text text-center\" >\n\t\t\t\t\t<div class=\"box-text-inner blog-post-inner\">\n\n\t\t\t\t\t\n\t\t\t\t\t\t\t\t\t\t<h5 class=\"post-title is-large \">\n\t\t\t\t\t\t<a href=\"https:\/\/stowarzyszenieadventure.pl\/fortbarycz\/projekt-nasadzen-drzew-miododajnych-oraz-warsztatow-edukacyjnych-malopolska-pszczola\/\" class=\"plain\">Projekt nasadze\u0144 drzew miododajnych oraz warsztat\u00f3w edukacyjnych \u201eMa\u0142opolska Pszczo\u0142a\u201d<\/a>\n\t\t\t\t\t<\/h5>\n\t\t\t\t\t<div class=\"post-meta is-small op-8\">28\/11\/2024<\/div>\t\t\t\t\t<div class=\"is-divider\"><\/div>\n\t\t\t\t\t\t\t\t\t\t<p class=\"from_the_blog_excerpt \">\n\t\t\t\t\t\tNa terenie Fortu Barycz realizujemy projekt nasadze\u0144 drzew miododajnych oraz warsztat\u00f3w edukacyjnych \u201eMa\u0142opolska Pszczo\u0142a\u201d. Sadzone...\t\t\t\t\t<\/p>\n\t\t\t\t\t                    \n\t\t\t\t\t\n\t\t\t\t\t\n\t\t\t\t\t<\/div>\n\t\t\t\t\t<\/div>\n\t\t\t\t\t\t\t\t\t<\/div>\n\t\t\t<\/div>\n\t\t<\/div><div class=\"col post-item\" >\n\t\t\t<div class=\"col-inner\">\n\t\t\t\t<div class=\"box box-normal box-text-bottom box-blog-post has-hover\">\n            \t\t\t\t\t<div class=\"box-image\" >\n  \t\t\t\t\t\t<div class=\"image-cover\" style=\"padding-top:56.25%;\">\n\t\t\t\t\t\t\t<a href=\"https:\/\/stowarzyszenieadventure.pl\/fortbarycz\/bieg-twierdzy-krakow-na-forcie-barycz\/\" class=\"plain\" aria-label=\"Bieg Twierdzy Krak\u00f3w na Forcie Barycz!\">\n\t\t\t\t\t\t\t\t<img loading=\"lazy\" decoding=\"async\" width=\"200\" height=\"300\" src=\"https:\/\/stowarzyszenieadventure.pl\/fortbarycz\/wp-content\/uploads\/2025\/02\/bieg-200x300.jpg\" class=\"attachment-medium size-medium wp-post-image\" alt=\"Bieg Twierdzy Krak\u00f3w\" srcset=\"https:\/\/stowarzyszenieadventure.pl\/fortbarycz\/wp-content\/uploads\/2025\/02\/bieg-200x300.jpg 200w, https:\/\/stowarzyszenieadventure.pl\/fortbarycz\/wp-content\/uploads\/2025\/02\/bieg-683x1024.jpg 683w, https:\/\/stowarzyszenieadventure.pl\/fortbarycz\/wp-content\/uploads\/2025\/02\/bieg-768x1152.jpg 768w, https:\/\/stowarzyszenieadventure.pl\/fortbarycz\/wp-content\/uploads\/2025\/02\/bieg-1024x1536.jpg 1024w, https:\/\/stowarzyszenieadventure.pl\/fortbarycz\/wp-content\/uploads\/2025\/02\/bieg.jpg 1365w\" sizes=\"auto, (max-width: 200px) 100vw, 200px\" \/>\t\t\t\t\t\t\t<\/a>\n  \t\t\t\t\t\t\t  \t\t\t\t\t\t\t  \t\t\t\t\t\t<\/div>\n  \t\t\t\t\t\t  \t\t\t\t\t<\/div>\n          \t\t\t\t\t<div class=\"box-text text-center\" >\n\t\t\t\t\t<div class=\"box-text-inner blog-post-inner\">\n\n\t\t\t\t\t\n\t\t\t\t\t\t\t\t\t\t<h5 class=\"post-title is-large \">\n\t\t\t\t\t\t<a href=\"https:\/\/stowarzyszenieadventure.pl\/fortbarycz\/bieg-twierdzy-krakow-na-forcie-barycz\/\" class=\"plain\">Bieg Twierdzy Krak\u00f3w na Forcie Barycz!<\/a>\n\t\t\t\t\t<\/h5>\n\t\t\t\t\t<div class=\"post-meta is-small op-8\">17\/10\/2024<\/div>\t\t\t\t\t<div class=\"is-divider\"><\/div>\n\t\t\t\t\t\t\t\t\t\t<p class=\"from_the_blog_excerpt \">\n\t\t\t\t\t\tDzi\u015b na Forcie Barycz &#8211; XXIII edycja Bieg Twierdzy Krak\u00f3w. By\u0142o bieganie, troch\u0119 b\u0142otka, zwiedzanie...\t\t\t\t\t<\/p>\n\t\t\t\t\t                    \n\t\t\t\t\t\n\t\t\t\t\t\n\t\t\t\t\t<\/div>\n\t\t\t\t\t<\/div>\n\t\t\t\t\t\t\t\t\t<\/div>\n\t\t\t<\/div>\n\t\t<\/div><div class=\"col post-item\" >\n\t\t\t<div class=\"col-inner\">\n\t\t\t\t<div class=\"box box-normal box-text-bottom box-blog-post has-hover\">\n            \t\t\t\t\t<div class=\"box-image\" >\n  \t\t\t\t\t\t<div class=\"image-cover\" style=\"padding-top:56.25%;\">\n\t\t\t\t\t\t\t<a href=\"https:\/\/stowarzyszenieadventure.pl\/fortbarycz\/warsztaty-z-pomocy-przedmedycznej-na-forcie-barycz\/\" class=\"plain\" aria-label=\"Warsztaty z pomocy przedmedycznej na Forcie Barycz\">\n\t\t\t\t\t\t\t\t<img loading=\"lazy\" decoding=\"async\" width=\"300\" height=\"198\" src=\"https:\/\/stowarzyszenieadventure.pl\/fortbarycz\/wp-content\/uploads\/2025\/03\/10-300x198.jpg\" class=\"attachment-medium size-medium wp-post-image\" alt=\"Warsztaty z pomocy przedmedycznej na Forcie Barycz\" srcset=\"https:\/\/stowarzyszenieadventure.pl\/fortbarycz\/wp-content\/uploads\/2025\/03\/10-300x198.jpg 300w, https:\/\/stowarzyszenieadventure.pl\/fortbarycz\/wp-content\/uploads\/2025\/03\/10-1024x677.jpg 1024w, https:\/\/stowarzyszenieadventure.pl\/fortbarycz\/wp-content\/uploads\/2025\/03\/10-768x508.jpg 768w, https:\/\/stowarzyszenieadventure.pl\/fortbarycz\/wp-content\/uploads\/2025\/03\/10-1536x1016.jpg 1536w, https:\/\/stowarzyszenieadventure.pl\/fortbarycz\/wp-content\/uploads\/2025\/03\/10-2048x1354.jpg 2048w\" sizes=\"auto, (max-width: 300px) 100vw, 300px\" \/>\t\t\t\t\t\t\t<\/a>\n  \t\t\t\t\t\t\t  \t\t\t\t\t\t\t  \t\t\t\t\t\t<\/div>\n  \t\t\t\t\t\t  \t\t\t\t\t<\/div>\n          \t\t\t\t\t<div class=\"box-text text-center\" >\n\t\t\t\t\t<div class=\"box-text-inner blog-post-inner\">\n\n\t\t\t\t\t\n\t\t\t\t\t\t\t\t\t\t<h5 class=\"post-title is-large \">\n\t\t\t\t\t\t<a href=\"https:\/\/stowarzyszenieadventure.pl\/fortbarycz\/warsztaty-z-pomocy-przedmedycznej-na-forcie-barycz\/\" class=\"plain\">Warsztaty z pomocy przedmedycznej na Forcie Barycz<\/a>\n\t\t\t\t\t<\/h5>\n\t\t\t\t\t<div class=\"post-meta is-small op-8\">12\/10\/2024<\/div>\t\t\t\t\t<div class=\"is-divider\"><\/div>\n\t\t\t\t\t\t\t\t\t\t<p class=\"from_the_blog_excerpt \">\n\t\t\t\t\t\tW fosie Fortu Barycz zaaran\u017cowali\u015bmy symulacj\u0119 wypadku, by realistycznie zaprezentowa\u0107 procedury zabezpieczenia osoby poszkodowanej w...\t\t\t\t\t<\/p>\n\t\t\t\t\t                    \n\t\t\t\t\t\n\t\t\t\t\t\n\t\t\t\t\t<\/div>\n\t\t\t\t\t<\/div>\n\t\t\t\t\t\t\t\t\t<\/div>\n\t\t\t<\/div>\n\t\t<\/div><\/div>\n\t\t<\/div>\n\t\t\t\t\t<\/div>\n\n\t\n<\/div>\n\t\t<\/div>\n\n\t\t\n<style>\n#section_2131660981 {\n  padding-top: 72px;\n  padding-bottom: 72px;\n}\n<\/style>\n\t<\/section>\n\t\n","protected":false},"excerpt":{"rendered":"","protected":false},"author":1,"featured_media":0,"parent":0,"menu_order":0,"comment_status":"closed","ping_status":"closed","template":"page-transparent-header.php","meta":{"_price":"","_stock":"","_tribe_ticket_header":"","_tribe_default_ticket_provider":"TEC\\Tickets\\Commerce\\Module","_tribe_ticket_capacity":"0","_ticket_start_date":"","_ticket_end_date":"","_tribe_ticket_show_description":"","_tribe_ticket_show_not_going":false,"_tribe_ticket_use_global_stock":"","_tribe_ticket_global_stock_level":"","_global_stock_mode":"","_global_stock_cap":"","_tribe_rsvp_for_event":"","_tribe_ticket_going_count":"","_tribe_ticket_not_going_count":"","_tribe_tickets_list":"[]","_tribe_ticket_has_attendee_info_fields":false,"footnotes":"","_tec_slr_enabled":"","_tec_slr_layout":""},"class_list":["post-518","page","type-page","status-publish","hentry"],"ticketed":false,"_links":{"self":[{"href":"https:\/\/stowarzyszenieadventure.pl\/fortbarycz\/wp-json\/wp\/v2\/pages\/518","targetHints":{"allow":["GET"]}}],"collection":[{"href":"https:\/\/stowarzyszenieadventure.pl\/fortbarycz\/wp-json\/wp\/v2\/pages"}],"about":[{"href":"https:\/\/stowarzyszenieadventure.pl\/fortbarycz\/wp-json\/wp\/v2\/types\/page"}],"author":[{"embeddable":true,"href":"https:\/\/stowarzyszenieadventure.pl\/fortbarycz\/wp-json\/wp\/v2\/users\/1"}],"replies":[{"embeddable":true,"href":"https:\/\/stowarzyszenieadventure.pl\/fortbarycz\/wp-json\/wp\/v2\/comments?post=518"}],"version-history":[{"count":25,"href":"https:\/\/stowarzyszenieadventure.pl\/fortbarycz\/wp-json\/wp\/v2\/pages\/518\/revisions"}],"predecessor-version":[{"id":3441,"href":"https:\/\/stowarzyszenieadventure.pl\/fortbarycz\/wp-json\/wp\/v2\/pages\/518\/revisions\/3441"}],"wp:attachment":[{"href":"https:\/\/stowarzyszenieadventure.pl\/fortbarycz\/wp-json\/wp\/v2\/media?parent=518"}],"curies":[{"name":"wp","href":"https:\/\/api.w.org\/{rel}","templated":true}]}}